{"id":1384,"date":"2025-12-10T19:42:00","date_gmt":"2025-12-10T17:42:00","guid":{"rendered":"https:\/\/carteaortodoxa-librariedesuflet.ro\/?post_type=product&#038;p=1384"},"modified":"2026-03-16T20:15:35","modified_gmt":"2026-03-16T18:15:35","slug":"1384","status":"publish","type":"product","link":"https:\/\/carteaortodoxa-librariedesuflet.ro\/index.php\/product\/1384\/","title":{"rendered":"te rog mai citeste si tu o poveste"},"content":{"rendered":"<p>O carte inedit\u0103, \u00eentruparea unei fr\u00e2nturi de suflet. O provocare pentru noi to\u021bi, av\u00e2nd \u00een vedere c\u0103 \u00een genere adul\u021bii nu mai citesc pove\u0219ti. \u00cens\u0103 nostalgia pentru clipele tr\u0103ite \u00een copil\u0103rie mai ales \u00een perioada Cr\u0103ciunului, c\u00e2nd numai pove\u0219tile reu\u0219eau s\u0103 cuprind\u0103 \u00een ele farmecul acestor clipe, laolalt\u0103 cu con\u0219tiin\u021ba c\u0103 doar metafora, parabola, poate exprima uneori emo\u021bii \u0219i tr\u0103iri de profunzime, \u00censu\u0219i M\u00e2ntuitorul aleg\u00e2nd adesea pildele ca mod de adresare omului, m-au motivat s\u0103 a\u0219tern \u00eenl\u0103untrul acestor pagini acel ceva care dep\u0103\u0219e\u0219te limitele ra\u021bionalului \u0219i ale prozaismului vie\u021bii.<br \/>\nCu mari emo\u021bii, fiind o ini\u021biativ\u0103 inedit\u0103 \u0219i plin\u0103 de sinceritate l\u0103untric\u0103, o pun la dispozi\u021bia tuturor celor care \u00eenseteaz\u0103 dup\u0103 Cel Ce este, Domnul celor v\u0103zute \u0219i nev\u0103zute, ca pe o \u00eemp\u0103rt\u0103\u0219ire de suflet.<br \/>\nN\u0103d\u0103jduiesc s\u0103 bucure \u0219i mai ales s\u0103 aduc\u0103 Har!<\/p>\n<p>Este un format A5, landscape, av\u00e2nd 152 pagini.<\/p>\n","protected":false},"excerpt":{"rendered":"<p>O carte inedit\u0103, \u00eentruparea unei fr\u00e2nturi de suflet. O provocare pentru noi to\u021bi, av\u00e2nd \u00een vedere c\u0103 \u00een genere adul\u021bii nu mai citesc pove\u0219ti. \u00cens\u0103 nostalgia pentru clipele tr\u0103ite \u00een copil\u0103rie mai ales \u00een perioada Cr\u0103ciunului, c\u00e2nd numai pove\u0219tile reu\u0219eau s\u0103 cuprind\u0103 \u00een ele farmecul acestor clipe, laolalt\u0103 cu con\u0219tiin\u021ba c\u0103 doar metafora, parabola, poate [&hellip;]<\/p>\n","protected":false},"featured_media":3742,"template":"","meta":{"ocean_post_layout":"","ocean_both_sidebars_style":"","ocean_both_sidebars_content_width":0,"ocean_both_sidebars_sidebars_width":0,"ocean_sidebar":"0","ocean_second_sidebar":"0","ocean_disable_margins":"enable","ocean_add_body_class":"","ocean_shortcode_before_top_bar":"","ocean_shortcode_after_top_bar":"","ocean_shortcode_before_header":"","ocean_shortcode_after_header":"","ocean_has_shortcode":"","ocean_shortcode_after_title":"","ocean_shortcode_before_footer_widgets":"","ocean_shortcode_after_footer_widgets":"","ocean_shortcode_before_footer_bottom":"","ocean_shortcode_after_footer_bottom":"","ocean_display_top_bar":"default","ocean_display_header":"default","ocean_header_style":"","ocean_center_header_left_menu":"0","ocean_custom_header_template":"0","ocean_custom_logo":0,"ocean_custom_retina_logo":0,"ocean_custom_logo_max_width":0,"ocean_custom_logo_tablet_max_width":0,"ocean_custom_logo_mobile_max_width":0,"ocean_custom_logo_max_height":0,"ocean_custom_logo_tablet_max_height":0,"ocean_custom_logo_mobile_max_height":0,"ocean_header_custom_menu":"0","ocean_menu_typo_font_family":"0","ocean_menu_typo_font_subset":"","ocean_menu_typo_font_size":0,"ocean_menu_typo_font_size_tablet":0,"ocean_menu_typo_font_size_mobile":0,"ocean_menu_typo_font_size_unit":"px","ocean_menu_typo_font_weight":"","ocean_menu_typo_font_weight_tablet":"","ocean_menu_typo_font_weight_mobile":"","ocean_menu_typo_transform":"","ocean_menu_typo_transform_tablet":"","ocean_menu_typo_transform_mobile":"","ocean_menu_typo_line_height":0,"ocean_menu_typo_line_height_tablet":0,"ocean_menu_typo_line_height_mobile":0,"ocean_menu_typo_line_height_unit":"","ocean_menu_typo_spacing":0,"ocean_menu_typo_spacing_tablet":0,"ocean_menu_typo_spacing_mobile":0,"ocean_menu_typo_spacing_unit":"","ocean_menu_link_color":"","ocean_menu_link_color_hover":"","ocean_menu_link_color_active":"","ocean_menu_link_background":"","ocean_menu_link_hover_background":"","ocean_menu_link_active_background":"","ocean_menu_social_links_bg":"","ocean_menu_social_hover_links_bg":"","ocean_menu_social_links_color":"","ocean_menu_social_hover_links_color":"","ocean_disable_title":"default","ocean_disable_heading":"default","ocean_post_title":"","ocean_post_subheading":"","ocean_post_title_style":"","ocean_post_title_background_color":"","ocean_post_title_background":0,"ocean_post_title_bg_image_position":"","ocean_post_title_bg_image_attachment":"","ocean_post_title_bg_image_repeat":"","ocean_post_title_bg_image_size":"","ocean_post_title_height":0,"ocean_post_title_bg_overlay":0.5,"ocean_post_title_bg_overlay_color":"","ocean_disable_breadcrumbs":"default","ocean_breadcrumbs_color":"","ocean_breadcrumbs_separator_color":"","ocean_breadcrumbs_links_color":"","ocean_breadcrumbs_links_hover_color":"","ocean_display_footer_widgets":"default","ocean_display_footer_bottom":"default","ocean_custom_footer_template":"0","ofc_meta_disable_footer_callout":"","ofc_meta_callout_button_url":"","ofc_meta_callout_button_txt":"","ofc_meta_callout_text":"","ofc_enable_fullscreen":"disable","ofc_fullscreen_speed":0,"ofc_fullscreen_nav":"enable","ofc_fullscreen_nav_pos":"right","ofc_fullscreen_nav_color":"","ofc_fullscreen_nav_tooltip_color":"","ofc_fullscreen_responsive":0},"product_brand":[],"product_cat":[35],"product_tag":[],"class_list":{"0":"post-1384","1":"product","2":"type-product","3":"status-publish","4":"has-post-thumbnail","6":"product_cat-carti-adulti","8":"entry","9":"has-media","11":"first","12":"instock","13":"taxable","14":"shipping-taxable","15":"purchasable","16":"product-type-variable","17":"has-product-nav","18":"col","19":"span_1_of_4","20":"owp-content-center","21":"owp-thumbs-layout-horizontal","22":"owp-btn-normal","23":"owp-tabs-layout-horizontal","24":"has-no-thumbnails"},"yoast_head":"<!-- This site is optimized with the Yoast SEO plugin v25.3.1 - https:\/\/yoast.com\/wordpress\/plugins\/seo\/ -->\n<title>te rog mai citeste si tu o poveste - Cartea Ortodoxa - O librarie de suflet<\/title>\n<meta name=\"robots\" content=\"index, follow, max-snippet:-1, max-image-preview:large, max-video-preview:-1\" \/>\n<link rel=\"canonical\" href=\"https:\/\/carteaortodoxa-librariedesuflet.ro\/index.php\/product\/1384\/\" \/>\n<meta property=\"og:locale\" content=\"en_US\" \/>\n<meta property=\"og:type\" content=\"article\" \/>\n<meta property=\"og:title\" content=\"te rog mai citeste si tu o poveste - Cartea Ortodoxa - O librarie de suflet\" \/>\n<meta property=\"og:description\" content=\"O carte inedit\u0103, \u00eentruparea unei fr\u00e2nturi de suflet. O provocare pentru noi to\u021bi, av\u00e2nd \u00een vedere c\u0103 \u00een genere adul\u021bii nu mai citesc pove\u0219ti. \u00cens\u0103 nostalgia pentru clipele tr\u0103ite \u00een copil\u0103rie mai ales \u00een perioada Cr\u0103ciunului, c\u00e2nd numai pove\u0219tile reu\u0219eau s\u0103 cuprind\u0103 \u00een ele farmecul acestor clipe, laolalt\u0103 cu con\u0219tiin\u021ba c\u0103 doar metafora, parabola, poate [&hellip;]\" \/>\n<meta property=\"og:url\" content=\"https:\/\/carteaortodoxa-librariedesuflet.ro\/index.php\/product\/1384\/\" \/>\n<meta property=\"og:site_name\" content=\"Cartea Ortodoxa - O librarie de suflet\" \/>\n<meta property=\"article:modified_time\" content=\"2026-03-16T18:15:35+00:00\" \/>\n<meta property=\"og:image\" content=\"https:\/\/carteaortodoxa-librariedesuflet.ro\/wp-content\/uploads\/2025\/12\/o-carte-de-povesti-pt-oameni-mari.jpeg\" \/>\n\t<meta property=\"og:image:width\" content=\"1080\" \/>\n\t<meta property=\"og:image:height\" content=\"747\" \/>\n\t<meta property=\"og:image:type\" content=\"image\/jpeg\" \/>\n<meta name=\"twitter:card\" content=\"summary_large_image\" \/>\n<meta name=\"twitter:label1\" content=\"Est. reading time\" \/>\n\t<meta name=\"twitter:data1\" content=\"1 minute\" \/>\n<script type=\"application\/ld+json\" class=\"yoast-schema-graph\">{\"@context\":\"https:\/\/schema.org\",\"@graph\":[{\"@type\":\"WebPage\",\"@id\":\"https:\/\/carteaortodoxa-librariedesuflet.ro\/index.php\/product\/1384\/\",\"url\":\"https:\/\/carteaortodoxa-librariedesuflet.ro\/index.php\/product\/1384\/\",\"name\":\"te rog mai citeste si tu o poveste - Cartea Ortodoxa - O librarie de suflet\",\"isPartOf\":{\"@id\":\"https:\/\/carteaortodoxa-librariedesuflet.ro\/#website\"},\"primaryImageOfPage\":{\"@id\":\"https:\/\/carteaortodoxa-librariedesuflet.ro\/index.php\/product\/1384\/#primaryimage\"},\"image\":{\"@id\":\"https:\/\/carteaortodoxa-librariedesuflet.ro\/index.php\/product\/1384\/#primaryimage\"},\"thumbnailUrl\":\"https:\/\/carteaortodoxa-librariedesuflet.ro\/wp-content\/uploads\/2025\/12\/o-carte-de-povesti-pt-oameni-mari.jpeg\",\"datePublished\":\"2025-12-10T17:42:00+00:00\",\"dateModified\":\"2026-03-16T18:15:35+00:00\",\"breadcrumb\":{\"@id\":\"https:\/\/carteaortodoxa-librariedesuflet.ro\/index.php\/product\/1384\/#breadcrumb\"},\"inLanguage\":\"en-US\",\"potentialAction\":[{\"@type\":\"ReadAction\",\"target\":[\"https:\/\/carteaortodoxa-librariedesuflet.ro\/index.php\/product\/1384\/\"]}]},{\"@type\":\"ImageObject\",\"inLanguage\":\"en-US\",\"@id\":\"https:\/\/carteaortodoxa-librariedesuflet.ro\/index.php\/product\/1384\/#primaryimage\",\"url\":\"https:\/\/carteaortodoxa-librariedesuflet.ro\/wp-content\/uploads\/2025\/12\/o-carte-de-povesti-pt-oameni-mari.jpeg\",\"contentUrl\":\"https:\/\/carteaortodoxa-librariedesuflet.ro\/wp-content\/uploads\/2025\/12\/o-carte-de-povesti-pt-oameni-mari.jpeg\",\"width\":1080,\"height\":747},{\"@type\":\"BreadcrumbList\",\"@id\":\"https:\/\/carteaortodoxa-librariedesuflet.ro\/index.php\/product\/1384\/#breadcrumb\",\"itemListElement\":[{\"@type\":\"ListItem\",\"position\":1,\"name\":\"Home\",\"item\":\"https:\/\/carteaortodoxa-librariedesuflet.ro\/\"},{\"@type\":\"ListItem\",\"position\":2,\"name\":\"Products\",\"item\":\"https:\/\/carteaortodoxa-librariedesuflet.ro\/index.php\/products\/\"},{\"@type\":\"ListItem\",\"position\":3,\"name\":\"te rog mai citeste si tu o poveste\"}]},{\"@type\":\"WebSite\",\"@id\":\"https:\/\/carteaortodoxa-librariedesuflet.ro\/#website\",\"url\":\"https:\/\/carteaortodoxa-librariedesuflet.ro\/\",\"name\":\"Cartea Ortodoxa - O librarie de suflet\",\"description\":\"Cartea Ortodoxa - O librarie de suflet\",\"publisher\":{\"@id\":\"https:\/\/carteaortodoxa-librariedesuflet.ro\/#\/schema\/person\/eefcfc77cff8618bbc59508b87ff2064\"},\"potentialAction\":[{\"@type\":\"SearchAction\",\"target\":{\"@type\":\"EntryPoint\",\"urlTemplate\":\"https:\/\/carteaortodoxa-librariedesuflet.ro\/?s={search_term_string}\"},\"query-input\":{\"@type\":\"PropertyValueSpecification\",\"valueRequired\":true,\"valueName\":\"search_term_string\"}}],\"inLanguage\":\"en-US\"},{\"@type\":[\"Person\",\"Organization\"],\"@id\":\"https:\/\/carteaortodoxa-librariedesuflet.ro\/#\/schema\/person\/eefcfc77cff8618bbc59508b87ff2064\",\"name\":\"Maria Tudor\",\"image\":{\"@type\":\"ImageObject\",\"inLanguage\":\"en-US\",\"@id\":\"https:\/\/carteaortodoxa-librariedesuflet.ro\/#\/schema\/person\/image\/\",\"url\":\"https:\/\/carteaortodoxa-librariedesuflet.ro\/wp-content\/uploads\/2021\/12\/logo-dark.svg\",\"contentUrl\":\"https:\/\/carteaortodoxa-librariedesuflet.ro\/wp-content\/uploads\/2021\/12\/logo-dark.svg\",\"width\":162,\"height\":35,\"caption\":\"Maria Tudor\"},\"logo\":{\"@id\":\"https:\/\/carteaortodoxa-librariedesuflet.ro\/#\/schema\/person\/image\/\"},\"sameAs\":[\"https:\/\/www.youtube.com\/@CarteaOrtodoxOLibrariedeSufle\"]}]}<\/script>\n<!-- \/ Yoast SEO plugin. -->","yoast_head_json":{"title":"te rog mai citeste si tu o poveste - Cartea Ortodoxa - O librarie de suflet","robots":{"index":"index","follow":"follow","max-snippet":"max-snippet:-1","max-image-preview":"max-image-preview:large","max-video-preview":"max-video-preview:-1"},"canonical":"https:\/\/carteaortodoxa-librariedesuflet.ro\/index.php\/product\/1384\/","og_locale":"en_US","og_type":"article","og_title":"te rog mai citeste si tu o poveste - Cartea Ortodoxa - O librarie de suflet","og_description":"O carte inedit\u0103, \u00eentruparea unei fr\u00e2nturi de suflet. O provocare pentru noi to\u021bi, av\u00e2nd \u00een vedere c\u0103 \u00een genere adul\u021bii nu mai citesc pove\u0219ti. \u00cens\u0103 nostalgia pentru clipele tr\u0103ite \u00een copil\u0103rie mai ales \u00een perioada Cr\u0103ciunului, c\u00e2nd numai pove\u0219tile reu\u0219eau s\u0103 cuprind\u0103 \u00een ele farmecul acestor clipe, laolalt\u0103 cu con\u0219tiin\u021ba c\u0103 doar metafora, parabola, poate [&hellip;]","og_url":"https:\/\/carteaortodoxa-librariedesuflet.ro\/index.php\/product\/1384\/","og_site_name":"Cartea Ortodoxa - O librarie de suflet","article_modified_time":"2026-03-16T18:15:35+00:00","og_image":[{"width":1080,"height":747,"url":"https:\/\/carteaortodoxa-librariedesuflet.ro\/wp-content\/uploads\/2025\/12\/o-carte-de-povesti-pt-oameni-mari.jpeg","type":"image\/jpeg"}],"twitter_card":"summary_large_image","twitter_misc":{"Est. reading time":"1 minute"},"schema":{"@context":"https:\/\/schema.org","@graph":[{"@type":"WebPage","@id":"https:\/\/carteaortodoxa-librariedesuflet.ro\/index.php\/product\/1384\/","url":"https:\/\/carteaortodoxa-librariedesuflet.ro\/index.php\/product\/1384\/","name":"te rog mai citeste si tu o poveste - Cartea Ortodoxa - O librarie de suflet","isPartOf":{"@id":"https:\/\/carteaortodoxa-librariedesuflet.ro\/#website"},"primaryImageOfPage":{"@id":"https:\/\/carteaortodoxa-librariedesuflet.ro\/index.php\/product\/1384\/#primaryimage"},"image":{"@id":"https:\/\/carteaortodoxa-librariedesuflet.ro\/index.php\/product\/1384\/#primaryimage"},"thumbnailUrl":"https:\/\/carteaortodoxa-librariedesuflet.ro\/wp-content\/uploads\/2025\/12\/o-carte-de-povesti-pt-oameni-mari.jpeg","datePublished":"2025-12-10T17:42:00+00:00","dateModified":"2026-03-16T18:15:35+00:00","breadcrumb":{"@id":"https:\/\/carteaortodoxa-librariedesuflet.ro\/index.php\/product\/1384\/#breadcrumb"},"inLanguage":"en-US","potentialAction":[{"@type":"ReadAction","target":["https:\/\/carteaortodoxa-librariedesuflet.ro\/index.php\/product\/1384\/"]}]},{"@type":"ImageObject","inLanguage":"en-US","@id":"https:\/\/carteaortodoxa-librariedesuflet.ro\/index.php\/product\/1384\/#primaryimage","url":"https:\/\/carteaortodoxa-librariedesuflet.ro\/wp-content\/uploads\/2025\/12\/o-carte-de-povesti-pt-oameni-mari.jpeg","contentUrl":"https:\/\/carteaortodoxa-librariedesuflet.ro\/wp-content\/uploads\/2025\/12\/o-carte-de-povesti-pt-oameni-mari.jpeg","width":1080,"height":747},{"@type":"BreadcrumbList","@id":"https:\/\/carteaortodoxa-librariedesuflet.ro\/index.php\/product\/1384\/#breadcrumb","itemListElement":[{"@type":"ListItem","position":1,"name":"Home","item":"https:\/\/carteaortodoxa-librariedesuflet.ro\/"},{"@type":"ListItem","position":2,"name":"Products","item":"https:\/\/carteaortodoxa-librariedesuflet.ro\/index.php\/products\/"},{"@type":"ListItem","position":3,"name":"te rog mai citeste si tu o poveste"}]},{"@type":"WebSite","@id":"https:\/\/carteaortodoxa-librariedesuflet.ro\/#website","url":"https:\/\/carteaortodoxa-librariedesuflet.ro\/","name":"Cartea Ortodoxa - O librarie de suflet","description":"Cartea Ortodoxa - O librarie de suflet","publisher":{"@id":"https:\/\/carteaortodoxa-librariedesuflet.ro\/#\/schema\/person\/eefcfc77cff8618bbc59508b87ff2064"},"potentialAction":[{"@type":"SearchAction","target":{"@type":"EntryPoint","urlTemplate":"https:\/\/carteaortodoxa-librariedesuflet.ro\/?s={search_term_string}"},"query-input":{"@type":"PropertyValueSpecification","valueRequired":true,"valueName":"search_term_string"}}],"inLanguage":"en-US"},{"@type":["Person","Organization"],"@id":"https:\/\/carteaortodoxa-librariedesuflet.ro\/#\/schema\/person\/eefcfc77cff8618bbc59508b87ff2064","name":"Maria Tudor","image":{"@type":"ImageObject","inLanguage":"en-US","@id":"https:\/\/carteaortodoxa-librariedesuflet.ro\/#\/schema\/person\/image\/","url":"https:\/\/carteaortodoxa-librariedesuflet.ro\/wp-content\/uploads\/2021\/12\/logo-dark.svg","contentUrl":"https:\/\/carteaortodoxa-librariedesuflet.ro\/wp-content\/uploads\/2021\/12\/logo-dark.svg","width":162,"height":35,"caption":"Maria Tudor"},"logo":{"@id":"https:\/\/carteaortodoxa-librariedesuflet.ro\/#\/schema\/person\/image\/"},"sameAs":["https:\/\/www.youtube.com\/@CarteaOrtodoxOLibrariedeSufle"]}]}},"_links":{"self":[{"href":"https:\/\/carteaortodoxa-librariedesuflet.ro\/index.php\/wp-json\/wp\/v2\/product\/1384","targetHints":{"allow":["GET"]}}],"collection":[{"href":"https:\/\/carteaortodoxa-librariedesuflet.ro\/index.php\/wp-json\/wp\/v2\/product"}],"about":[{"href":"https:\/\/carteaortodoxa-librariedesuflet.ro\/index.php\/wp-json\/wp\/v2\/types\/product"}],"wp:featuredmedia":[{"embeddable":true,"href":"https:\/\/carteaortodoxa-librariedesuflet.ro\/index.php\/wp-json\/wp\/v2\/media\/3742"}],"wp:attachment":[{"href":"https:\/\/carteaortodoxa-librariedesuflet.ro\/index.php\/wp-json\/wp\/v2\/media?parent=1384"}],"wp:term":[{"taxonomy":"product_brand","embeddable":true,"href":"https:\/\/carteaortodoxa-librariedesuflet.ro\/index.php\/wp-json\/wp\/v2\/product_brand?post=1384"},{"taxonomy":"product_cat","embeddable":true,"href":"https:\/\/carteaortodoxa-librariedesuflet.ro\/index.php\/wp-json\/wp\/v2\/product_cat?post=1384"},{"taxonomy":"product_tag","embeddable":true,"href":"https:\/\/carteaortodoxa-librariedesuflet.ro\/index.php\/wp-json\/wp\/v2\/product_tag?post=1384"}],"curies":[{"name":"wp","href":"https:\/\/api.w.org\/{rel}","templated":true}]}}