{"id":3508,"date":"2026-01-14T15:43:28","date_gmt":"2026-01-14T13:43:28","guid":{"rendered":"https:\/\/carteaortodoxa-librariedesuflet.ro\/?post_type=product&#038;p=3508"},"modified":"2026-02-28T12:05:04","modified_gmt":"2026-02-28T10:05:04","slug":"un-cuvios-mai-jucaus","status":"publish","type":"product","link":"https:\/\/carteaortodoxa-librariedesuflet.ro\/index.php\/product\/un-cuvios-mai-jucaus\/","title":{"rendered":"Un cuvios&#8230; mai jucaus&#8230;"},"content":{"rendered":"<p>Un dar luminos din partea noastr\u0103 pentru Cuviosul Gherontie, \u0219i din partea Cuviosului pentru copila\u0219i, care \u00eei sunt at\u00e2t de dragi.<br \/>\nNu prea se poate povesti \u00een cuvinte bucuria \u0219i n\u0103dejdea pe care acest minunat B\u0103tr\u00e2nel cu via\u021ba sf\u00e2nt\u0103 ascuns\u0103 sub nebunia pentru Hristos o r\u0103sp\u00e2ndea \u00een vie\u021bile celor care \u00eel \u00eenconjurau. Am \u00eencercat totu\u0219i s\u0103 cuprindem \u00een paginile acestei c\u0103r\u021bi m\u0103car pu\u021bin din vioiciunea interioar\u0103 a credin\u021bei, din bucuria Bisericii, personalizat\u0103 \u00een Cuviosul, dar \u0219i profunzimea unui om dedicat Domnului Hristos, povestite pe \u00een\u021belesul copiilor.<br \/>\nAm \u00eencercat s\u0103 surprindem atmosfera u\u0219or arhaic\u0103 \u0219i patriarhal\u0103 a copil\u0103riei sale laolalt\u0103 cu contemporanul vie\u021bii de maturitate duhovniceasc\u0103, la care mul\u021bi dintre noi am participat, toate acestea \u00eempletite cu atmosfera familial\u0103 in care se desf\u0103\u0219oar\u0103 povestirea \u0219i cu mici \u00eentreb\u0103ri care s\u0103 ajute copiii \u00een a se defini mai bine pe calea credin\u021bei.<br \/>\nImagistica realizat\u0103 cu m\u0103iestrie de doamna Simona Damian vine s\u0103 \u00eembrace \u0219i mai mult aceast\u0103 atmosfer\u0103 cu mult\u0103 c\u0103ldur\u0103 sufleteasc\u0103, pitorescul unei vie\u021bi binecuv\u00e2ntate.<br \/>\nA\u0219ez\u0103m \u00een acest dar o imens\u0103 bucurie \u0219i emo\u021bie de lumin\u0103, care n\u0103d\u0103jduim s\u0103 ajung\u0103 \u0219i la dumneavoastr\u0103, din plin!<\/p>\n<p>Cartea este full color si are 62 de pagini \u0219i con\u021bine \u0219i minunile cuviosului.<\/p>\n<p>S\u0103 avem cu to\u021bii parte de mijlocirea \u0219i ajutorul Cuviosului!<\/p>\n","protected":false},"excerpt":{"rendered":"<p>Un dar luminos din partea noastr\u0103 pentru Cuviosul Gherontie, \u0219i din partea Cuviosului pentru copila\u0219i, care \u00eei sunt at\u00e2t de dragi. Nu prea se poate povesti \u00een cuvinte bucuria \u0219i n\u0103dejdea pe care acest minunat B\u0103tr\u00e2nel cu via\u021ba sf\u00e2nt\u0103 ascuns\u0103 sub nebunia pentru Hristos o r\u0103sp\u00e2ndea \u00een vie\u021bile celor care \u00eel \u00eenconjurau. Am \u00eencercat totu\u0219i [&hellip;]<\/p>\n","protected":false},"featured_media":3511,"template":"","meta":{"ocean_post_layout":"","ocean_both_sidebars_style":"","ocean_both_sidebars_content_width":0,"ocean_both_sidebars_sidebars_width":0,"ocean_sidebar":"0","ocean_second_sidebar":"0","ocean_disable_margins":"enable","ocean_add_body_class":"","ocean_shortcode_before_top_bar":"","ocean_shortcode_after_top_bar":"","ocean_shortcode_before_header":"","ocean_shortcode_after_header":"","ocean_has_shortcode":"","ocean_shortcode_after_title":"","ocean_shortcode_before_footer_widgets":"","ocean_shortcode_after_footer_widgets":"","ocean_shortcode_before_footer_bottom":"","ocean_shortcode_after_footer_bottom":"","ocean_display_top_bar":"default","ocean_display_header":"default","ocean_header_style":"","ocean_center_header_left_menu":"0","ocean_custom_header_template":"0","ocean_custom_logo":0,"ocean_custom_retina_logo":0,"ocean_custom_logo_max_width":0,"ocean_custom_logo_tablet_max_width":0,"ocean_custom_logo_mobile_max_width":0,"ocean_custom_logo_max_height":0,"ocean_custom_logo_tablet_max_height":0,"ocean_custom_logo_mobile_max_height":0,"ocean_header_custom_menu":"0","ocean_menu_typo_font_family":"0","ocean_menu_typo_font_subset":"","ocean_menu_typo_font_size":0,"ocean_menu_typo_font_size_tablet":0,"ocean_menu_typo_font_size_mobile":0,"ocean_menu_typo_font_size_unit":"px","ocean_menu_typo_font_weight":"","ocean_menu_typo_font_weight_tablet":"","ocean_menu_typo_font_weight_mobile":"","ocean_menu_typo_transform":"","ocean_menu_typo_transform_tablet":"","ocean_menu_typo_transform_mobile":"","ocean_menu_typo_line_height":0,"ocean_menu_typo_line_height_tablet":0,"ocean_menu_typo_line_height_mobile":0,"ocean_menu_typo_line_height_unit":"","ocean_menu_typo_spacing":0,"ocean_menu_typo_spacing_tablet":0,"ocean_menu_typo_spacing_mobile":0,"ocean_menu_typo_spacing_unit":"","ocean_menu_link_color":"","ocean_menu_link_color_hover":"","ocean_menu_link_color_active":"","ocean_menu_link_background":"","ocean_menu_link_hover_background":"","ocean_menu_link_active_background":"","ocean_menu_social_links_bg":"","ocean_menu_social_hover_links_bg":"","ocean_menu_social_links_color":"","ocean_menu_social_hover_links_color":"","ocean_disable_title":"default","ocean_disable_heading":"default","ocean_post_title":"","ocean_post_subheading":"","ocean_post_title_style":"","ocean_post_title_background_color":"","ocean_post_title_background":0,"ocean_post_title_bg_image_position":"","ocean_post_title_bg_image_attachment":"","ocean_post_title_bg_image_repeat":"","ocean_post_title_bg_image_size":"","ocean_post_title_height":0,"ocean_post_title_bg_overlay":0.5,"ocean_post_title_bg_overlay_color":"","ocean_disable_breadcrumbs":"default","ocean_breadcrumbs_color":"","ocean_breadcrumbs_separator_color":"","ocean_breadcrumbs_links_color":"","ocean_breadcrumbs_links_hover_color":"","ocean_display_footer_widgets":"default","ocean_display_footer_bottom":"default","ocean_custom_footer_template":"0","ofc_meta_disable_footer_callout":"","ofc_meta_callout_button_url":"","ofc_meta_callout_button_txt":"","ofc_meta_callout_text":"","ofc_enable_fullscreen":"disable","ofc_fullscreen_speed":0,"ofc_fullscreen_nav":"enable","ofc_fullscreen_nav_pos":"right","ofc_fullscreen_nav_color":"","ofc_fullscreen_nav_tooltip_color":"","ofc_fullscreen_responsive":0},"product_brand":[],"product_cat":[36],"product_tag":[],"class_list":{"0":"post-3508","1":"product","2":"type-product","3":"status-publish","4":"has-post-thumbnail","6":"product_cat-carti-pt-copii","8":"entry","9":"has-media","11":"first","12":"instock","13":"taxable","14":"shipping-taxable","15":"purchasable","16":"product-type-variable","17":"has-default-attributes","18":"has-product-nav","19":"col","20":"span_1_of_4","21":"owp-content-center","22":"owp-thumbs-layout-horizontal","23":"owp-btn-normal","24":"owp-tabs-layout-horizontal","25":"has-no-thumbnails"},"yoast_head":"<!-- This site is optimized with the Yoast SEO plugin v25.3.1 - https:\/\/yoast.com\/wordpress\/plugins\/seo\/ -->\n<title>Un cuvios... mai jucaus... - Cartea Ortodoxa - O librarie de suflet<\/title>\n<meta name=\"robots\" content=\"index, follow, max-snippet:-1, max-image-preview:large, max-video-preview:-1\" \/>\n<link rel=\"canonical\" href=\"https:\/\/carteaortodoxa-librariedesuflet.ro\/index.php\/product\/un-cuvios-mai-jucaus\/\" \/>\n<meta property=\"og:locale\" content=\"en_US\" \/>\n<meta property=\"og:type\" content=\"article\" \/>\n<meta property=\"og:title\" content=\"Un cuvios... mai jucaus... - Cartea Ortodoxa - O librarie de suflet\" \/>\n<meta property=\"og:description\" content=\"Un dar luminos din partea noastr\u0103 pentru Cuviosul Gherontie, \u0219i din partea Cuviosului pentru copila\u0219i, care \u00eei sunt at\u00e2t de dragi. Nu prea se poate povesti \u00een cuvinte bucuria \u0219i n\u0103dejdea pe care acest minunat B\u0103tr\u00e2nel cu via\u021ba sf\u00e2nt\u0103 ascuns\u0103 sub nebunia pentru Hristos o r\u0103sp\u00e2ndea \u00een vie\u021bile celor care \u00eel \u00eenconjurau. Am \u00eencercat totu\u0219i [&hellip;]\" \/>\n<meta property=\"og:url\" content=\"https:\/\/carteaortodoxa-librariedesuflet.ro\/index.php\/product\/un-cuvios-mai-jucaus\/\" \/>\n<meta property=\"og:site_name\" content=\"Cartea Ortodoxa - O librarie de suflet\" \/>\n<meta property=\"article:modified_time\" content=\"2026-02-28T10:05:04+00:00\" \/>\n<meta property=\"og:image\" content=\"https:\/\/carteaortodoxa-librariedesuflet.ro\/wp-content\/uploads\/2026\/01\/WhatsApp-Image-2026-01-14-at-12.45.53.jpeg\" \/>\n\t<meta property=\"og:image:width\" content=\"1080\" \/>\n\t<meta property=\"og:image:height\" content=\"1391\" \/>\n\t<meta property=\"og:image:type\" content=\"image\/jpeg\" \/>\n<meta name=\"twitter:card\" content=\"summary_large_image\" \/>\n<meta name=\"twitter:label1\" content=\"Est. reading time\" \/>\n\t<meta name=\"twitter:data1\" content=\"2 minutes\" \/>\n<script type=\"application\/ld+json\" class=\"yoast-schema-graph\">{\"@context\":\"https:\/\/schema.org\",\"@graph\":[{\"@type\":\"WebPage\",\"@id\":\"https:\/\/carteaortodoxa-librariedesuflet.ro\/index.php\/product\/un-cuvios-mai-jucaus\/\",\"url\":\"https:\/\/carteaortodoxa-librariedesuflet.ro\/index.php\/product\/un-cuvios-mai-jucaus\/\",\"name\":\"Un cuvios... mai jucaus... - Cartea Ortodoxa - O librarie de suflet\",\"isPartOf\":{\"@id\":\"https:\/\/carteaortodoxa-librariedesuflet.ro\/#website\"},\"primaryImageOfPage\":{\"@id\":\"https:\/\/carteaortodoxa-librariedesuflet.ro\/index.php\/product\/un-cuvios-mai-jucaus\/#primaryimage\"},\"image\":{\"@id\":\"https:\/\/carteaortodoxa-librariedesuflet.ro\/index.php\/product\/un-cuvios-mai-jucaus\/#primaryimage\"},\"thumbnailUrl\":\"https:\/\/carteaortodoxa-librariedesuflet.ro\/wp-content\/uploads\/2026\/01\/WhatsApp-Image-2026-01-14-at-12.45.53.jpeg\",\"datePublished\":\"2026-01-14T13:43:28+00:00\",\"dateModified\":\"2026-02-28T10:05:04+00:00\",\"breadcrumb\":{\"@id\":\"https:\/\/carteaortodoxa-librariedesuflet.ro\/index.php\/product\/un-cuvios-mai-jucaus\/#breadcrumb\"},\"inLanguage\":\"en-US\",\"potentialAction\":[{\"@type\":\"ReadAction\",\"target\":[\"https:\/\/carteaortodoxa-librariedesuflet.ro\/index.php\/product\/un-cuvios-mai-jucaus\/\"]}]},{\"@type\":\"ImageObject\",\"inLanguage\":\"en-US\",\"@id\":\"https:\/\/carteaortodoxa-librariedesuflet.ro\/index.php\/product\/un-cuvios-mai-jucaus\/#primaryimage\",\"url\":\"https:\/\/carteaortodoxa-librariedesuflet.ro\/wp-content\/uploads\/2026\/01\/WhatsApp-Image-2026-01-14-at-12.45.53.jpeg\",\"contentUrl\":\"https:\/\/carteaortodoxa-librariedesuflet.ro\/wp-content\/uploads\/2026\/01\/WhatsApp-Image-2026-01-14-at-12.45.53.jpeg\",\"width\":1080,\"height\":1391,\"caption\":\"cuviosul Gherontie si copiii\"},{\"@type\":\"BreadcrumbList\",\"@id\":\"https:\/\/carteaortodoxa-librariedesuflet.ro\/index.php\/product\/un-cuvios-mai-jucaus\/#breadcrumb\",\"itemListElement\":[{\"@type\":\"ListItem\",\"position\":1,\"name\":\"Home\",\"item\":\"https:\/\/carteaortodoxa-librariedesuflet.ro\/\"},{\"@type\":\"ListItem\",\"position\":2,\"name\":\"Products\",\"item\":\"https:\/\/carteaortodoxa-librariedesuflet.ro\/index.php\/products\/\"},{\"@type\":\"ListItem\",\"position\":3,\"name\":\"Un cuvios&#8230; mai jucaus&#8230;\"}]},{\"@type\":\"WebSite\",\"@id\":\"https:\/\/carteaortodoxa-librariedesuflet.ro\/#website\",\"url\":\"https:\/\/carteaortodoxa-librariedesuflet.ro\/\",\"name\":\"Cartea Ortodoxa - O librarie de suflet\",\"description\":\"Cartea Ortodoxa - O librarie de suflet\",\"publisher\":{\"@id\":\"https:\/\/carteaortodoxa-librariedesuflet.ro\/#\/schema\/person\/eefcfc77cff8618bbc59508b87ff2064\"},\"potentialAction\":[{\"@type\":\"SearchAction\",\"target\":{\"@type\":\"EntryPoint\",\"urlTemplate\":\"https:\/\/carteaortodoxa-librariedesuflet.ro\/?s={search_term_string}\"},\"query-input\":{\"@type\":\"PropertyValueSpecification\",\"valueRequired\":true,\"valueName\":\"search_term_string\"}}],\"inLanguage\":\"en-US\"},{\"@type\":[\"Person\",\"Organization\"],\"@id\":\"https:\/\/carteaortodoxa-librariedesuflet.ro\/#\/schema\/person\/eefcfc77cff8618bbc59508b87ff2064\",\"name\":\"Maria Tudor\",\"image\":{\"@type\":\"ImageObject\",\"inLanguage\":\"en-US\",\"@id\":\"https:\/\/carteaortodoxa-librariedesuflet.ro\/#\/schema\/person\/image\/\",\"url\":\"https:\/\/carteaortodoxa-librariedesuflet.ro\/wp-content\/uploads\/2021\/12\/logo-dark.svg\",\"contentUrl\":\"https:\/\/carteaortodoxa-librariedesuflet.ro\/wp-content\/uploads\/2021\/12\/logo-dark.svg\",\"width\":162,\"height\":35,\"caption\":\"Maria Tudor\"},\"logo\":{\"@id\":\"https:\/\/carteaortodoxa-librariedesuflet.ro\/#\/schema\/person\/image\/\"},\"sameAs\":[\"https:\/\/www.youtube.com\/@CarteaOrtodoxOLibrariedeSufle\"]}]}<\/script>\n<!-- \/ Yoast SEO plugin. -->","yoast_head_json":{"title":"Un cuvios... mai jucaus... - Cartea Ortodoxa - O librarie de suflet","robots":{"index":"index","follow":"follow","max-snippet":"max-snippet:-1","max-image-preview":"max-image-preview:large","max-video-preview":"max-video-preview:-1"},"canonical":"https:\/\/carteaortodoxa-librariedesuflet.ro\/index.php\/product\/un-cuvios-mai-jucaus\/","og_locale":"en_US","og_type":"article","og_title":"Un cuvios... mai jucaus... - Cartea Ortodoxa - O librarie de suflet","og_description":"Un dar luminos din partea noastr\u0103 pentru Cuviosul Gherontie, \u0219i din partea Cuviosului pentru copila\u0219i, care \u00eei sunt at\u00e2t de dragi. Nu prea se poate povesti \u00een cuvinte bucuria \u0219i n\u0103dejdea pe care acest minunat B\u0103tr\u00e2nel cu via\u021ba sf\u00e2nt\u0103 ascuns\u0103 sub nebunia pentru Hristos o r\u0103sp\u00e2ndea \u00een vie\u021bile celor care \u00eel \u00eenconjurau. Am \u00eencercat totu\u0219i [&hellip;]","og_url":"https:\/\/carteaortodoxa-librariedesuflet.ro\/index.php\/product\/un-cuvios-mai-jucaus\/","og_site_name":"Cartea Ortodoxa - O librarie de suflet","article_modified_time":"2026-02-28T10:05:04+00:00","og_image":[{"width":1080,"height":1391,"url":"https:\/\/carteaortodoxa-librariedesuflet.ro\/wp-content\/uploads\/2026\/01\/WhatsApp-Image-2026-01-14-at-12.45.53.jpeg","type":"image\/jpeg"}],"twitter_card":"summary_large_image","twitter_misc":{"Est. reading time":"2 minutes"},"schema":{"@context":"https:\/\/schema.org","@graph":[{"@type":"WebPage","@id":"https:\/\/carteaortodoxa-librariedesuflet.ro\/index.php\/product\/un-cuvios-mai-jucaus\/","url":"https:\/\/carteaortodoxa-librariedesuflet.ro\/index.php\/product\/un-cuvios-mai-jucaus\/","name":"Un cuvios... mai jucaus... - Cartea Ortodoxa - O librarie de suflet","isPartOf":{"@id":"https:\/\/carteaortodoxa-librariedesuflet.ro\/#website"},"primaryImageOfPage":{"@id":"https:\/\/carteaortodoxa-librariedesuflet.ro\/index.php\/product\/un-cuvios-mai-jucaus\/#primaryimage"},"image":{"@id":"https:\/\/carteaortodoxa-librariedesuflet.ro\/index.php\/product\/un-cuvios-mai-jucaus\/#primaryimage"},"thumbnailUrl":"https:\/\/carteaortodoxa-librariedesuflet.ro\/wp-content\/uploads\/2026\/01\/WhatsApp-Image-2026-01-14-at-12.45.53.jpeg","datePublished":"2026-01-14T13:43:28+00:00","dateModified":"2026-02-28T10:05:04+00:00","breadcrumb":{"@id":"https:\/\/carteaortodoxa-librariedesuflet.ro\/index.php\/product\/un-cuvios-mai-jucaus\/#breadcrumb"},"inLanguage":"en-US","potentialAction":[{"@type":"ReadAction","target":["https:\/\/carteaortodoxa-librariedesuflet.ro\/index.php\/product\/un-cuvios-mai-jucaus\/"]}]},{"@type":"ImageObject","inLanguage":"en-US","@id":"https:\/\/carteaortodoxa-librariedesuflet.ro\/index.php\/product\/un-cuvios-mai-jucaus\/#primaryimage","url":"https:\/\/carteaortodoxa-librariedesuflet.ro\/wp-content\/uploads\/2026\/01\/WhatsApp-Image-2026-01-14-at-12.45.53.jpeg","contentUrl":"https:\/\/carteaortodoxa-librariedesuflet.ro\/wp-content\/uploads\/2026\/01\/WhatsApp-Image-2026-01-14-at-12.45.53.jpeg","width":1080,"height":1391,"caption":"cuviosul Gherontie si copiii"},{"@type":"BreadcrumbList","@id":"https:\/\/carteaortodoxa-librariedesuflet.ro\/index.php\/product\/un-cuvios-mai-jucaus\/#breadcrumb","itemListElement":[{"@type":"ListItem","position":1,"name":"Home","item":"https:\/\/carteaortodoxa-librariedesuflet.ro\/"},{"@type":"ListItem","position":2,"name":"Products","item":"https:\/\/carteaortodoxa-librariedesuflet.ro\/index.php\/products\/"},{"@type":"ListItem","position":3,"name":"Un cuvios&#8230; mai jucaus&#8230;"}]},{"@type":"WebSite","@id":"https:\/\/carteaortodoxa-librariedesuflet.ro\/#website","url":"https:\/\/carteaortodoxa-librariedesuflet.ro\/","name":"Cartea Ortodoxa - O librarie de suflet","description":"Cartea Ortodoxa - O librarie de suflet","publisher":{"@id":"https:\/\/carteaortodoxa-librariedesuflet.ro\/#\/schema\/person\/eefcfc77cff8618bbc59508b87ff2064"},"potentialAction":[{"@type":"SearchAction","target":{"@type":"EntryPoint","urlTemplate":"https:\/\/carteaortodoxa-librariedesuflet.ro\/?s={search_term_string}"},"query-input":{"@type":"PropertyValueSpecification","valueRequired":true,"valueName":"search_term_string"}}],"inLanguage":"en-US"},{"@type":["Person","Organization"],"@id":"https:\/\/carteaortodoxa-librariedesuflet.ro\/#\/schema\/person\/eefcfc77cff8618bbc59508b87ff2064","name":"Maria Tudor","image":{"@type":"ImageObject","inLanguage":"en-US","@id":"https:\/\/carteaortodoxa-librariedesuflet.ro\/#\/schema\/person\/image\/","url":"https:\/\/carteaortodoxa-librariedesuflet.ro\/wp-content\/uploads\/2021\/12\/logo-dark.svg","contentUrl":"https:\/\/carteaortodoxa-librariedesuflet.ro\/wp-content\/uploads\/2021\/12\/logo-dark.svg","width":162,"height":35,"caption":"Maria Tudor"},"logo":{"@id":"https:\/\/carteaortodoxa-librariedesuflet.ro\/#\/schema\/person\/image\/"},"sameAs":["https:\/\/www.youtube.com\/@CarteaOrtodoxOLibrariedeSufle"]}]}},"_links":{"self":[{"href":"https:\/\/carteaortodoxa-librariedesuflet.ro\/index.php\/wp-json\/wp\/v2\/product\/3508","targetHints":{"allow":["GET"]}}],"collection":[{"href":"https:\/\/carteaortodoxa-librariedesuflet.ro\/index.php\/wp-json\/wp\/v2\/product"}],"about":[{"href":"https:\/\/carteaortodoxa-librariedesuflet.ro\/index.php\/wp-json\/wp\/v2\/types\/product"}],"wp:featuredmedia":[{"embeddable":true,"href":"https:\/\/carteaortodoxa-librariedesuflet.ro\/index.php\/wp-json\/wp\/v2\/media\/3511"}],"wp:attachment":[{"href":"https:\/\/carteaortodoxa-librariedesuflet.ro\/index.php\/wp-json\/wp\/v2\/media?parent=3508"}],"wp:term":[{"taxonomy":"product_brand","embeddable":true,"href":"https:\/\/carteaortodoxa-librariedesuflet.ro\/index.php\/wp-json\/wp\/v2\/product_brand?post=3508"},{"taxonomy":"product_cat","embeddable":true,"href":"https:\/\/carteaortodoxa-librariedesuflet.ro\/index.php\/wp-json\/wp\/v2\/product_cat?post=3508"},{"taxonomy":"product_tag","embeddable":true,"href":"https:\/\/carteaortodoxa-librariedesuflet.ro\/index.php\/wp-json\/wp\/v2\/product_tag?post=3508"}],"curies":[{"name":"wp","href":"https:\/\/api.w.org\/{rel}","templated":true}]}}