{"id":3791,"date":"2026-03-30T14:04:40","date_gmt":"2026-03-30T11:04:40","guid":{"rendered":"https:\/\/carteaortodoxa-librariedesuflet.ro\/?post_type=product&#038;p=3791"},"modified":"2026-03-30T16:39:44","modified_gmt":"2026-03-30T13:39:44","slug":"hai-sa-ne-imprietenim-cu-sfintii","status":"publish","type":"product","link":"https:\/\/carteaortodoxa-librariedesuflet.ro\/index.php\/product\/hai-sa-ne-imprietenim-cu-sfintii\/","title":{"rendered":"Hai s\u0103 ne \u00eemprietenim cu Sfin\u021bii (joc)"},"content":{"rendered":"<h3>Mai jos ave\u021bi c\u00e2teva poze din joc:<\/h3>\n<div id='gallery-1' class='gallery galleryid-3791 gallery-columns-3 gallery-size-thumbnail'><figure class='gallery-item'>\n\t\t\t<div class='gallery-icon portrait'>\n\t\t\t\t<a href='https:\/\/carteaortodoxa-librariedesuflet.ro\/?attachment_id=3802'><img decoding=\"async\" width=\"150\" height=\"150\" src=\"https:\/\/carteaortodoxa-librariedesuflet.ro\/wp-content\/uploads\/2026\/03\/joc4-150x150.jpeg\" class=\"attachment-thumbnail size-thumbnail\" alt=\"\" srcset=\"https:\/\/carteaortodoxa-librariedesuflet.ro\/wp-content\/uploads\/2026\/03\/joc4-150x150.jpeg 150w, https:\/\/carteaortodoxa-librariedesuflet.ro\/wp-content\/uploads\/2026\/03\/joc4-600x600.jpeg 600w, https:\/\/carteaortodoxa-librariedesuflet.ro\/wp-content\/uploads\/2026\/03\/joc4-100x100.jpeg 100w\" sizes=\"(max-width: 150px) 100vw, 150px\" \/><\/a>\n\t\t\t<\/div><\/figure><figure class='gallery-item'>\n\t\t\t<div class='gallery-icon portrait'>\n\t\t\t\t<a href='https:\/\/carteaortodoxa-librariedesuflet.ro\/?attachment_id=3801'><img decoding=\"async\" width=\"150\" height=\"150\" src=\"https:\/\/carteaortodoxa-librariedesuflet.ro\/wp-content\/uploads\/2026\/03\/joc3-150x150.jpeg\" class=\"attachment-thumbnail size-thumbnail\" alt=\"\" srcset=\"https:\/\/carteaortodoxa-librariedesuflet.ro\/wp-content\/uploads\/2026\/03\/joc3-150x150.jpeg 150w, https:\/\/carteaortodoxa-librariedesuflet.ro\/wp-content\/uploads\/2026\/03\/joc3-600x600.jpeg 600w, https:\/\/carteaortodoxa-librariedesuflet.ro\/wp-content\/uploads\/2026\/03\/joc3-100x100.jpeg 100w\" sizes=\"(max-width: 150px) 100vw, 150px\" \/><\/a>\n\t\t\t<\/div><\/figure><figure class='gallery-item'>\n\t\t\t<div class='gallery-icon portrait'>\n\t\t\t\t<a href='https:\/\/carteaortodoxa-librariedesuflet.ro\/?attachment_id=3800'><img decoding=\"async\" width=\"150\" height=\"150\" src=\"https:\/\/carteaortodoxa-librariedesuflet.ro\/wp-content\/uploads\/2026\/03\/joc2-150x150.jpeg\" class=\"attachment-thumbnail size-thumbnail\" alt=\"\" srcset=\"https:\/\/carteaortodoxa-librariedesuflet.ro\/wp-content\/uploads\/2026\/03\/joc2-150x150.jpeg 150w, https:\/\/carteaortodoxa-librariedesuflet.ro\/wp-content\/uploads\/2026\/03\/joc2-600x600.jpeg 600w, https:\/\/carteaortodoxa-librariedesuflet.ro\/wp-content\/uploads\/2026\/03\/joc2-100x100.jpeg 100w\" sizes=\"(max-width: 150px) 100vw, 150px\" \/><\/a>\n\t\t\t<\/div><\/figure><figure class='gallery-item'>\n\t\t\t<div class='gallery-icon portrait'>\n\t\t\t\t<a href='https:\/\/carteaortodoxa-librariedesuflet.ro\/?attachment_id=3798'><img loading=\"lazy\" decoding=\"async\" width=\"150\" height=\"150\" src=\"https:\/\/carteaortodoxa-librariedesuflet.ro\/wp-content\/uploads\/2026\/03\/joc5-150x150.jpeg\" class=\"attachment-thumbnail size-thumbnail\" alt=\"\" srcset=\"https:\/\/carteaortodoxa-librariedesuflet.ro\/wp-content\/uploads\/2026\/03\/joc5-150x150.jpeg 150w, https:\/\/carteaortodoxa-librariedesuflet.ro\/wp-content\/uploads\/2026\/03\/joc5-600x600.jpeg 600w, https:\/\/carteaortodoxa-librariedesuflet.ro\/wp-content\/uploads\/2026\/03\/joc5-100x100.jpeg 100w\" sizes=\"(max-width: 150px) 100vw, 150px\" \/><\/a>\n\t\t\t<\/div><\/figure><figure class='gallery-item'>\n\t\t\t<div class='gallery-icon portrait'>\n\t\t\t\t<a href='https:\/\/carteaortodoxa-librariedesuflet.ro\/?attachment_id=3797'><img loading=\"lazy\" decoding=\"async\" width=\"150\" height=\"150\" src=\"https:\/\/carteaortodoxa-librariedesuflet.ro\/wp-content\/uploads\/2026\/03\/joc6-150x150.jpeg\" class=\"attachment-thumbnail size-thumbnail\" alt=\"\" srcset=\"https:\/\/carteaortodoxa-librariedesuflet.ro\/wp-content\/uploads\/2026\/03\/joc6-150x150.jpeg 150w, https:\/\/carteaortodoxa-librariedesuflet.ro\/wp-content\/uploads\/2026\/03\/joc6-600x600.jpeg 600w, https:\/\/carteaortodoxa-librariedesuflet.ro\/wp-content\/uploads\/2026\/03\/joc6-100x100.jpeg 100w\" sizes=\"(max-width: 150px) 100vw, 150px\" \/><\/a>\n\t\t\t<\/div><\/figure><figure class='gallery-item'>\n\t\t\t<div class='gallery-icon portrait'>\n\t\t\t\t<a href='https:\/\/carteaortodoxa-librariedesuflet.ro\/?attachment_id=3796'><img loading=\"lazy\" decoding=\"async\" width=\"150\" height=\"150\" src=\"https:\/\/carteaortodoxa-librariedesuflet.ro\/wp-content\/uploads\/2026\/03\/jpc7-150x150.jpeg\" class=\"attachment-thumbnail size-thumbnail\" alt=\"\" srcset=\"https:\/\/carteaortodoxa-librariedesuflet.ro\/wp-content\/uploads\/2026\/03\/jpc7-150x150.jpeg 150w, https:\/\/carteaortodoxa-librariedesuflet.ro\/wp-content\/uploads\/2026\/03\/jpc7-600x600.jpeg 600w, https:\/\/carteaortodoxa-librariedesuflet.ro\/wp-content\/uploads\/2026\/03\/jpc7-100x100.jpeg 100w\" sizes=\"(max-width: 150px) 100vw, 150px\" \/><\/a>\n\t\t\t<\/div><\/figure><figure class='gallery-item'>\n\t\t\t<div class='gallery-icon portrait'>\n\t\t\t\t<a href='https:\/\/carteaortodoxa-librariedesuflet.ro\/?attachment_id=3795'><img loading=\"lazy\" decoding=\"async\" width=\"150\" height=\"150\" src=\"https:\/\/carteaortodoxa-librariedesuflet.ro\/wp-content\/uploads\/2026\/03\/joc8-150x150.jpeg\" class=\"attachment-thumbnail size-thumbnail\" alt=\"\" srcset=\"https:\/\/carteaortodoxa-librariedesuflet.ro\/wp-content\/uploads\/2026\/03\/joc8-150x150.jpeg 150w, https:\/\/carteaortodoxa-librariedesuflet.ro\/wp-content\/uploads\/2026\/03\/joc8-600x600.jpeg 600w, https:\/\/carteaortodoxa-librariedesuflet.ro\/wp-content\/uploads\/2026\/03\/joc8-100x100.jpeg 100w\" sizes=\"(max-width: 150px) 100vw, 150px\" \/><\/a>\n\t\t\t<\/div><\/figure><figure class='gallery-item'>\n\t\t\t<div class='gallery-icon portrait'>\n\t\t\t\t<a href='https:\/\/carteaortodoxa-librariedesuflet.ro\/?attachment_id=3794'><img loading=\"lazy\" decoding=\"async\" width=\"150\" height=\"150\" src=\"https:\/\/carteaortodoxa-librariedesuflet.ro\/wp-content\/uploads\/2026\/03\/joc9-150x150.jpeg\" class=\"attachment-thumbnail size-thumbnail\" alt=\"\" srcset=\"https:\/\/carteaortodoxa-librariedesuflet.ro\/wp-content\/uploads\/2026\/03\/joc9-150x150.jpeg 150w, https:\/\/carteaortodoxa-librariedesuflet.ro\/wp-content\/uploads\/2026\/03\/joc9-600x600.jpeg 600w, https:\/\/carteaortodoxa-librariedesuflet.ro\/wp-content\/uploads\/2026\/03\/joc9-100x100.jpeg 100w\" sizes=\"(max-width: 150px) 100vw, 150px\" \/><\/a>\n\t\t\t<\/div><\/figure><figure class='gallery-item'>\n\t\t\t<div class='gallery-icon portrait'>\n\t\t\t\t<a href='https:\/\/carteaortodoxa-librariedesuflet.ro\/?attachment_id=3793'><img loading=\"lazy\" decoding=\"async\" width=\"150\" height=\"150\" src=\"https:\/\/carteaortodoxa-librariedesuflet.ro\/wp-content\/uploads\/2026\/03\/joc10-150x150.jpeg\" class=\"attachment-thumbnail size-thumbnail\" alt=\"\" srcset=\"https:\/\/carteaortodoxa-librariedesuflet.ro\/wp-content\/uploads\/2026\/03\/joc10-150x150.jpeg 150w, https:\/\/carteaortodoxa-librariedesuflet.ro\/wp-content\/uploads\/2026\/03\/joc10-600x600.jpeg 600w, https:\/\/carteaortodoxa-librariedesuflet.ro\/wp-content\/uploads\/2026\/03\/joc10-100x100.jpeg 100w\" sizes=\"(max-width: 150px) 100vw, 150px\" \/><\/a>\n\t\t\t<\/div><\/figure><figure class='gallery-item'>\n\t\t\t<div class='gallery-icon portrait'>\n\t\t\t\t<a href='https:\/\/carteaortodoxa-librariedesuflet.ro\/?attachment_id=3792'><img loading=\"lazy\" decoding=\"async\" width=\"150\" height=\"150\" src=\"https:\/\/carteaortodoxa-librariedesuflet.ro\/wp-content\/uploads\/2026\/03\/joc11-150x150.jpeg\" class=\"attachment-thumbnail size-thumbnail\" alt=\"\" srcset=\"https:\/\/carteaortodoxa-librariedesuflet.ro\/wp-content\/uploads\/2026\/03\/joc11-150x150.jpeg 150w, https:\/\/carteaortodoxa-librariedesuflet.ro\/wp-content\/uploads\/2026\/03\/joc11-600x600.jpeg 600w, https:\/\/carteaortodoxa-librariedesuflet.ro\/wp-content\/uploads\/2026\/03\/joc11-100x100.jpeg 100w\" sizes=\"(max-width: 150px) 100vw, 150px\" \/><\/a>\n\t\t\t<\/div><\/figure>\n\t\t<\/div>\n\n","protected":false},"excerpt":{"rendered":"<p>Este vorba despre o lucrare care s\u0103 \u00eei ajute pe copii s\u0103 se apropie mai mult de sfin\u021bi, pe c\u0103i specifice lor (pu\u021bin mai ludice). Un joc care prezint\u0103 vie\u021bi de sfin\u021bi, corelate cu imagini &#8211; scene din via\u021ba lor, pe cartona\u0219e separate, pe care ei le vor asocia, realiz\u00e2nd perechi \u0219i str\u00e2ng\u00e2nd astfel punctaj.<br \/>\nJocul este complex, av\u00e2nd \u00een vedere \u0219i dezvoltare emo\u021bional-duhovniceasc\u0103 \u0219i rela\u021bionarea cu familia sau prietenii, dar \u0219i cultur\u0103 general\u0103. Sunt provoc\u0103ri \u0219i surprize dar mai ales binecuv\u00e2ntarea sfin\u021bilor at\u00e2t de dragi!<br \/>\nSunt 75 de c\u0103r\u021bi de joc, cartonate , dimensiuni 7\/10 cm<\/p>\n","protected":false},"featured_media":3799,"template":"","meta":{"ocean_post_layout":"","ocean_both_sidebars_style":"","ocean_both_sidebars_content_width":0,"ocean_both_sidebars_sidebars_width":0,"ocean_sidebar":"0","ocean_second_sidebar":"0","ocean_disable_margins":"enable","ocean_add_body_class":"","ocean_shortcode_before_top_bar":"","ocean_shortcode_after_top_bar":"","ocean_shortcode_before_header":"","ocean_shortcode_after_header":"","ocean_has_shortcode":"","ocean_shortcode_after_title":"","ocean_shortcode_before_footer_widgets":"","ocean_shortcode_after_footer_widgets":"","ocean_shortcode_before_footer_bottom":"","ocean_shortcode_after_footer_bottom":"","ocean_display_top_bar":"default","ocean_display_header":"default","ocean_header_style":"","ocean_center_header_left_menu":"0","ocean_custom_header_template":"0","ocean_custom_logo":0,"ocean_custom_retina_logo":0,"ocean_custom_logo_max_width":0,"ocean_custom_logo_tablet_max_width":0,"ocean_custom_logo_mobile_max_width":0,"ocean_custom_logo_max_height":0,"ocean_custom_logo_tablet_max_height":0,"ocean_custom_logo_mobile_max_height":0,"ocean_header_custom_menu":"0","ocean_menu_typo_font_family":"0","ocean_menu_typo_font_subset":"","ocean_menu_typo_font_size":0,"ocean_menu_typo_font_size_tablet":0,"ocean_menu_typo_font_size_mobile":0,"ocean_menu_typo_font_size_unit":"px","ocean_menu_typo_font_weight":"","ocean_menu_typo_font_weight_tablet":"","ocean_menu_typo_font_weight_mobile":"","ocean_menu_typo_transform":"","ocean_menu_typo_transform_tablet":"","ocean_menu_typo_transform_mobile":"","ocean_menu_typo_line_height":0,"ocean_menu_typo_line_height_tablet":0,"ocean_menu_typo_line_height_mobile":0,"ocean_menu_typo_line_height_unit":"","ocean_menu_typo_spacing":0,"ocean_menu_typo_spacing_tablet":0,"ocean_menu_typo_spacing_mobile":0,"ocean_menu_typo_spacing_unit":"","ocean_menu_link_color":"","ocean_menu_link_color_hover":"","ocean_menu_link_color_active":"","ocean_menu_link_background":"","ocean_menu_link_hover_background":"","ocean_menu_link_active_background":"","ocean_menu_social_links_bg":"","ocean_menu_social_hover_links_bg":"","ocean_menu_social_links_color":"","ocean_menu_social_hover_links_color":"","ocean_disable_title":"default","ocean_disable_heading":"default","ocean_post_title":"","ocean_post_subheading":"","ocean_post_title_style":"","ocean_post_title_background_color":"","ocean_post_title_background":0,"ocean_post_title_bg_image_position":"","ocean_post_title_bg_image_attachment":"","ocean_post_title_bg_image_repeat":"","ocean_post_title_bg_image_size":"","ocean_post_title_height":0,"ocean_post_title_bg_overlay":0.5,"ocean_post_title_bg_overlay_color":"","ocean_disable_breadcrumbs":"default","ocean_breadcrumbs_color":"","ocean_breadcrumbs_separator_color":"","ocean_breadcrumbs_links_color":"","ocean_breadcrumbs_links_hover_color":"","ocean_display_footer_widgets":"default","ocean_display_footer_bottom":"default","ocean_custom_footer_template":"0","ofc_meta_disable_footer_callout":"","ofc_meta_callout_button_url":"","ofc_meta_callout_button_txt":"","ofc_meta_callout_text":"","ofc_enable_fullscreen":"disable","ofc_fullscreen_speed":0,"ofc_fullscreen_nav":"enable","ofc_fullscreen_nav_pos":"right","ofc_fullscreen_nav_color":"","ofc_fullscreen_nav_tooltip_color":"","ofc_fullscreen_responsive":0},"product_brand":[],"product_cat":[37],"product_tag":[],"class_list":{"0":"post-3791","1":"product","2":"type-product","3":"status-publish","4":"has-post-thumbnail","6":"product_cat-joc","8":"entry","9":"has-media","11":"first","12":"instock","13":"taxable","14":"shipping-taxable","15":"purchasable","16":"product-type-simple","17":"has-product-nav","18":"col","19":"span_1_of_4","20":"owp-content-center","21":"owp-thumbs-layout-horizontal","22":"owp-btn-normal","23":"owp-tabs-layout-horizontal","24":"has-no-thumbnails"},"yoast_head":"<!-- This site is optimized with the Yoast SEO plugin v25.3.1 - https:\/\/yoast.com\/wordpress\/plugins\/seo\/ -->\n<title>Hai s\u0103 ne \u00eemprietenim cu Sfin\u021bii (joc) - Cartea Ortodoxa - O librarie de suflet<\/title>\n<meta name=\"robots\" content=\"index, follow, max-snippet:-1, max-image-preview:large, max-video-preview:-1\" \/>\n<link rel=\"canonical\" href=\"https:\/\/carteaortodoxa-librariedesuflet.ro\/index.php\/product\/hai-sa-ne-imprietenim-cu-sfintii\/\" \/>\n<meta property=\"og:locale\" content=\"en_US\" \/>\n<meta property=\"og:type\" content=\"article\" \/>\n<meta property=\"og:title\" content=\"Hai s\u0103 ne \u00eemprietenim cu Sfin\u021bii (joc) - Cartea Ortodoxa - O librarie de suflet\" \/>\n<meta property=\"og:description\" content=\"Este vorba despre o lucrare care s\u0103 \u00eei ajute pe copii s\u0103 se apropie mai mult de sfin\u021bi, pe c\u0103i specifice lor (pu\u021bin mai ludice). Un joc care prezint\u0103 vie\u021bi de sfin\u021bi, corelate cu imagini - scene din via\u021ba lor, pe cartona\u0219e separate, pe care ei le vor asocia, realiz\u00e2nd perechi \u0219i str\u00e2ng\u00e2nd astfel punctaj. Jocul este complex, av\u00e2nd \u00een vedere \u0219i dezvoltare emo\u021bional-duhovniceasc\u0103 \u0219i rela\u021bionarea cu familia sau prietenii, dar \u0219i cultur\u0103 general\u0103. Sunt provoc\u0103ri \u0219i surprize dar mai ales binecuv\u00e2ntarea sfin\u021bilor at\u00e2t de dragi! Sunt 75 de c\u0103r\u021bi de joc, cartonate , dimensiuni 7\/10 cm\" \/>\n<meta property=\"og:url\" content=\"https:\/\/carteaortodoxa-librariedesuflet.ro\/index.php\/product\/hai-sa-ne-imprietenim-cu-sfintii\/\" \/>\n<meta property=\"og:site_name\" content=\"Cartea Ortodoxa - O librarie de suflet\" \/>\n<meta property=\"article:modified_time\" content=\"2026-03-30T13:39:44+00:00\" \/>\n<meta property=\"og:image\" content=\"https:\/\/carteaortodoxa-librariedesuflet.ro\/wp-content\/uploads\/2026\/03\/joc1.jpeg\" \/>\n\t<meta property=\"og:image:width\" content=\"1080\" \/>\n\t<meta property=\"og:image:height\" content=\"1532\" \/>\n\t<meta property=\"og:image:type\" content=\"image\/jpeg\" \/>\n<meta name=\"twitter:card\" content=\"summary_large_image\" \/>\n<meta name=\"twitter:label1\" content=\"Est. reading time\" \/>\n\t<meta name=\"twitter:data1\" content=\"1 minute\" \/>\n<script type=\"application\/ld+json\" class=\"yoast-schema-graph\">{\"@context\":\"https:\/\/schema.org\",\"@graph\":[{\"@type\":\"WebPage\",\"@id\":\"https:\/\/carteaortodoxa-librariedesuflet.ro\/index.php\/product\/hai-sa-ne-imprietenim-cu-sfintii\/\",\"url\":\"https:\/\/carteaortodoxa-librariedesuflet.ro\/index.php\/product\/hai-sa-ne-imprietenim-cu-sfintii\/\",\"name\":\"Hai s\u0103 ne \u00eemprietenim cu Sfin\u021bii (joc) - Cartea Ortodoxa - O librarie de suflet\",\"isPartOf\":{\"@id\":\"https:\/\/carteaortodoxa-librariedesuflet.ro\/#website\"},\"primaryImageOfPage\":{\"@id\":\"https:\/\/carteaortodoxa-librariedesuflet.ro\/index.php\/product\/hai-sa-ne-imprietenim-cu-sfintii\/#primaryimage\"},\"image\":{\"@id\":\"https:\/\/carteaortodoxa-librariedesuflet.ro\/index.php\/product\/hai-sa-ne-imprietenim-cu-sfintii\/#primaryimage\"},\"thumbnailUrl\":\"https:\/\/carteaortodoxa-librariedesuflet.ro\/wp-content\/uploads\/2026\/03\/joc1.jpeg\",\"datePublished\":\"2026-03-30T11:04:40+00:00\",\"dateModified\":\"2026-03-30T13:39:44+00:00\",\"breadcrumb\":{\"@id\":\"https:\/\/carteaortodoxa-librariedesuflet.ro\/index.php\/product\/hai-sa-ne-imprietenim-cu-sfintii\/#breadcrumb\"},\"inLanguage\":\"en-US\",\"potentialAction\":[{\"@type\":\"ReadAction\",\"target\":[\"https:\/\/carteaortodoxa-librariedesuflet.ro\/index.php\/product\/hai-sa-ne-imprietenim-cu-sfintii\/\"]}]},{\"@type\":\"ImageObject\",\"inLanguage\":\"en-US\",\"@id\":\"https:\/\/carteaortodoxa-librariedesuflet.ro\/index.php\/product\/hai-sa-ne-imprietenim-cu-sfintii\/#primaryimage\",\"url\":\"https:\/\/carteaortodoxa-librariedesuflet.ro\/wp-content\/uploads\/2026\/03\/joc1.jpeg\",\"contentUrl\":\"https:\/\/carteaortodoxa-librariedesuflet.ro\/wp-content\/uploads\/2026\/03\/joc1.jpeg\",\"width\":1080,\"height\":1532},{\"@type\":\"BreadcrumbList\",\"@id\":\"https:\/\/carteaortodoxa-librariedesuflet.ro\/index.php\/product\/hai-sa-ne-imprietenim-cu-sfintii\/#breadcrumb\",\"itemListElement\":[{\"@type\":\"ListItem\",\"position\":1,\"name\":\"Home\",\"item\":\"https:\/\/carteaortodoxa-librariedesuflet.ro\/\"},{\"@type\":\"ListItem\",\"position\":2,\"name\":\"Products\",\"item\":\"https:\/\/carteaortodoxa-librariedesuflet.ro\/index.php\/products\/\"},{\"@type\":\"ListItem\",\"position\":3,\"name\":\"Hai s\u0103 ne \u00eemprietenim cu Sfin\u021bii (joc)\"}]},{\"@type\":\"WebSite\",\"@id\":\"https:\/\/carteaortodoxa-librariedesuflet.ro\/#website\",\"url\":\"https:\/\/carteaortodoxa-librariedesuflet.ro\/\",\"name\":\"Cartea Ortodoxa - O librarie de suflet\",\"description\":\"Cartea Ortodoxa - O librarie de suflet\",\"publisher\":{\"@id\":\"https:\/\/carteaortodoxa-librariedesuflet.ro\/#\/schema\/person\/eefcfc77cff8618bbc59508b87ff2064\"},\"potentialAction\":[{\"@type\":\"SearchAction\",\"target\":{\"@type\":\"EntryPoint\",\"urlTemplate\":\"https:\/\/carteaortodoxa-librariedesuflet.ro\/?s={search_term_string}\"},\"query-input\":{\"@type\":\"PropertyValueSpecification\",\"valueRequired\":true,\"valueName\":\"search_term_string\"}}],\"inLanguage\":\"en-US\"},{\"@type\":[\"Person\",\"Organization\"],\"@id\":\"https:\/\/carteaortodoxa-librariedesuflet.ro\/#\/schema\/person\/eefcfc77cff8618bbc59508b87ff2064\",\"name\":\"Maria Tudor\",\"image\":{\"@type\":\"ImageObject\",\"inLanguage\":\"en-US\",\"@id\":\"https:\/\/carteaortodoxa-librariedesuflet.ro\/#\/schema\/person\/image\/\",\"url\":\"https:\/\/carteaortodoxa-librariedesuflet.ro\/wp-content\/uploads\/2021\/12\/logo-dark.svg\",\"contentUrl\":\"https:\/\/carteaortodoxa-librariedesuflet.ro\/wp-content\/uploads\/2021\/12\/logo-dark.svg\",\"width\":162,\"height\":35,\"caption\":\"Maria Tudor\"},\"logo\":{\"@id\":\"https:\/\/carteaortodoxa-librariedesuflet.ro\/#\/schema\/person\/image\/\"},\"sameAs\":[\"https:\/\/www.youtube.com\/@CarteaOrtodoxOLibrariedeSufle\"]}]}<\/script>\n<!-- \/ Yoast SEO plugin. -->","yoast_head_json":{"title":"Hai s\u0103 ne \u00eemprietenim cu Sfin\u021bii (joc) - Cartea Ortodoxa - O librarie de suflet","robots":{"index":"index","follow":"follow","max-snippet":"max-snippet:-1","max-image-preview":"max-image-preview:large","max-video-preview":"max-video-preview:-1"},"canonical":"https:\/\/carteaortodoxa-librariedesuflet.ro\/index.php\/product\/hai-sa-ne-imprietenim-cu-sfintii\/","og_locale":"en_US","og_type":"article","og_title":"Hai s\u0103 ne \u00eemprietenim cu Sfin\u021bii (joc) - Cartea Ortodoxa - O librarie de suflet","og_description":"Este vorba despre o lucrare care s\u0103 \u00eei ajute pe copii s\u0103 se apropie mai mult de sfin\u021bi, pe c\u0103i specifice lor (pu\u021bin mai ludice). Un joc care prezint\u0103 vie\u021bi de sfin\u021bi, corelate cu imagini - scene din via\u021ba lor, pe cartona\u0219e separate, pe care ei le vor asocia, realiz\u00e2nd perechi \u0219i str\u00e2ng\u00e2nd astfel punctaj. Jocul este complex, av\u00e2nd \u00een vedere \u0219i dezvoltare emo\u021bional-duhovniceasc\u0103 \u0219i rela\u021bionarea cu familia sau prietenii, dar \u0219i cultur\u0103 general\u0103. Sunt provoc\u0103ri \u0219i surprize dar mai ales binecuv\u00e2ntarea sfin\u021bilor at\u00e2t de dragi! Sunt 75 de c\u0103r\u021bi de joc, cartonate , dimensiuni 7\/10 cm","og_url":"https:\/\/carteaortodoxa-librariedesuflet.ro\/index.php\/product\/hai-sa-ne-imprietenim-cu-sfintii\/","og_site_name":"Cartea Ortodoxa - O librarie de suflet","article_modified_time":"2026-03-30T13:39:44+00:00","og_image":[{"width":1080,"height":1532,"url":"https:\/\/carteaortodoxa-librariedesuflet.ro\/wp-content\/uploads\/2026\/03\/joc1.jpeg","type":"image\/jpeg"}],"twitter_card":"summary_large_image","twitter_misc":{"Est. reading time":"1 minute"},"schema":{"@context":"https:\/\/schema.org","@graph":[{"@type":"WebPage","@id":"https:\/\/carteaortodoxa-librariedesuflet.ro\/index.php\/product\/hai-sa-ne-imprietenim-cu-sfintii\/","url":"https:\/\/carteaortodoxa-librariedesuflet.ro\/index.php\/product\/hai-sa-ne-imprietenim-cu-sfintii\/","name":"Hai s\u0103 ne \u00eemprietenim cu Sfin\u021bii (joc) - Cartea Ortodoxa - O librarie de suflet","isPartOf":{"@id":"https:\/\/carteaortodoxa-librariedesuflet.ro\/#website"},"primaryImageOfPage":{"@id":"https:\/\/carteaortodoxa-librariedesuflet.ro\/index.php\/product\/hai-sa-ne-imprietenim-cu-sfintii\/#primaryimage"},"image":{"@id":"https:\/\/carteaortodoxa-librariedesuflet.ro\/index.php\/product\/hai-sa-ne-imprietenim-cu-sfintii\/#primaryimage"},"thumbnailUrl":"https:\/\/carteaortodoxa-librariedesuflet.ro\/wp-content\/uploads\/2026\/03\/joc1.jpeg","datePublished":"2026-03-30T11:04:40+00:00","dateModified":"2026-03-30T13:39:44+00:00","breadcrumb":{"@id":"https:\/\/carteaortodoxa-librariedesuflet.ro\/index.php\/product\/hai-sa-ne-imprietenim-cu-sfintii\/#breadcrumb"},"inLanguage":"en-US","potentialAction":[{"@type":"ReadAction","target":["https:\/\/carteaortodoxa-librariedesuflet.ro\/index.php\/product\/hai-sa-ne-imprietenim-cu-sfintii\/"]}]},{"@type":"ImageObject","inLanguage":"en-US","@id":"https:\/\/carteaortodoxa-librariedesuflet.ro\/index.php\/product\/hai-sa-ne-imprietenim-cu-sfintii\/#primaryimage","url":"https:\/\/carteaortodoxa-librariedesuflet.ro\/wp-content\/uploads\/2026\/03\/joc1.jpeg","contentUrl":"https:\/\/carteaortodoxa-librariedesuflet.ro\/wp-content\/uploads\/2026\/03\/joc1.jpeg","width":1080,"height":1532},{"@type":"BreadcrumbList","@id":"https:\/\/carteaortodoxa-librariedesuflet.ro\/index.php\/product\/hai-sa-ne-imprietenim-cu-sfintii\/#breadcrumb","itemListElement":[{"@type":"ListItem","position":1,"name":"Home","item":"https:\/\/carteaortodoxa-librariedesuflet.ro\/"},{"@type":"ListItem","position":2,"name":"Products","item":"https:\/\/carteaortodoxa-librariedesuflet.ro\/index.php\/products\/"},{"@type":"ListItem","position":3,"name":"Hai s\u0103 ne \u00eemprietenim cu Sfin\u021bii (joc)"}]},{"@type":"WebSite","@id":"https:\/\/carteaortodoxa-librariedesuflet.ro\/#website","url":"https:\/\/carteaortodoxa-librariedesuflet.ro\/","name":"Cartea Ortodoxa - O librarie de suflet","description":"Cartea Ortodoxa - O librarie de suflet","publisher":{"@id":"https:\/\/carteaortodoxa-librariedesuflet.ro\/#\/schema\/person\/eefcfc77cff8618bbc59508b87ff2064"},"potentialAction":[{"@type":"SearchAction","target":{"@type":"EntryPoint","urlTemplate":"https:\/\/carteaortodoxa-librariedesuflet.ro\/?s={search_term_string}"},"query-input":{"@type":"PropertyValueSpecification","valueRequired":true,"valueName":"search_term_string"}}],"inLanguage":"en-US"},{"@type":["Person","Organization"],"@id":"https:\/\/carteaortodoxa-librariedesuflet.ro\/#\/schema\/person\/eefcfc77cff8618bbc59508b87ff2064","name":"Maria Tudor","image":{"@type":"ImageObject","inLanguage":"en-US","@id":"https:\/\/carteaortodoxa-librariedesuflet.ro\/#\/schema\/person\/image\/","url":"https:\/\/carteaortodoxa-librariedesuflet.ro\/wp-content\/uploads\/2021\/12\/logo-dark.svg","contentUrl":"https:\/\/carteaortodoxa-librariedesuflet.ro\/wp-content\/uploads\/2021\/12\/logo-dark.svg","width":162,"height":35,"caption":"Maria Tudor"},"logo":{"@id":"https:\/\/carteaortodoxa-librariedesuflet.ro\/#\/schema\/person\/image\/"},"sameAs":["https:\/\/www.youtube.com\/@CarteaOrtodoxOLibrariedeSufle"]}]}},"_links":{"self":[{"href":"https:\/\/carteaortodoxa-librariedesuflet.ro\/index.php\/wp-json\/wp\/v2\/product\/3791","targetHints":{"allow":["GET"]}}],"collection":[{"href":"https:\/\/carteaortodoxa-librariedesuflet.ro\/index.php\/wp-json\/wp\/v2\/product"}],"about":[{"href":"https:\/\/carteaortodoxa-librariedesuflet.ro\/index.php\/wp-json\/wp\/v2\/types\/product"}],"wp:featuredmedia":[{"embeddable":true,"href":"https:\/\/carteaortodoxa-librariedesuflet.ro\/index.php\/wp-json\/wp\/v2\/media\/3799"}],"wp:attachment":[{"href":"https:\/\/carteaortodoxa-librariedesuflet.ro\/index.php\/wp-json\/wp\/v2\/media?parent=3791"}],"wp:term":[{"taxonomy":"product_brand","embeddable":true,"href":"https:\/\/carteaortodoxa-librariedesuflet.ro\/index.php\/wp-json\/wp\/v2\/product_brand?post=3791"},{"taxonomy":"product_cat","embeddable":true,"href":"https:\/\/carteaortodoxa-librariedesuflet.ro\/index.php\/wp-json\/wp\/v2\/product_cat?post=3791"},{"taxonomy":"product_tag","embeddable":true,"href":"https:\/\/carteaortodoxa-librariedesuflet.ro\/index.php\/wp-json\/wp\/v2\/product_tag?post=3791"}],"curies":[{"name":"wp","href":"https:\/\/api.w.org\/{rel}","templated":true}]}}