{"id":733,"date":"2025-05-20T22:51:58","date_gmt":"2025-05-20T22:51:58","guid":{"rendered":"https:\/\/carteaortodoxa-librariedesuflet.ro\/?post_type=product&#038;p=733"},"modified":"2026-03-16T20:20:47","modified_gmt":"2026-03-16T18:20:47","slug":"catre-preasfantul-duh","status":"publish","type":"product","link":"https:\/\/carteaortodoxa-librariedesuflet.ro\/index.php\/product\/catre-preasfantul-duh\/","title":{"rendered":"C\u0103tre Preasf\u00e2ntul Duh"},"content":{"rendered":"<p><em><span class=\"s9\">Cartea <\/span><span class=\"s9\">este o inim\u0103 mutat\u0103 \u00een cuvinte. Inima unui om <\/span><span class=\"s9\">\u00een <\/span><span class=\"s9\">clipele sale de intimitate l\u0103untric\u0103, de cugetare \u0219i dor \u00eenaintea lui Dumnezeu.<\/span><\/em><\/p>\n<p><em><span class=\"s9\">Alc\u0103tuirea ei st\u0103 sub semnul pl\u00e2nsului l\u0103untric perntru \u00eentregul Adam<\/span><span class=\"s9\">, \u00een bra\u021bele atotcuprinz\u0103toare ale <\/span><span class=\"s9\">Domnului, prin Duhul S\u0103u cel Preasf\u00e2nt.<\/span><\/em><\/p>\n<p><em><span class=\"s9\">Har \u0219i <\/span><span class=\"s9\">pace!<\/span><\/em><\/p>\n<p>Preciz\u0103m c\u0103 pentru comenzile mai mari de 30 exemplare per titlu ( pentru p\u0103rin\u021bii \u0219i doamnele preotese care doresc s\u0103 fac\u0103 misiune prin distribuirea lor in parohii cu ocazia s\u0103rb\u0103torilor) se va face un discount. \u2764\ufe0f<\/p>\n","protected":false},"excerpt":{"rendered":"<p>Cartea este o inim\u0103 mutat\u0103 \u00een cuvinte. Inima unui om \u00een clipele sale de intimitate l\u0103untric\u0103, de cugetare \u0219i dor \u00eenaintea lui Dumnezeu. Alc\u0103tuirea ei st\u0103 sub semnul pl\u00e2nsului l\u0103untric perntru \u00eentregul Adam, \u00een bra\u021bele atotcuprinz\u0103toare ale Domnului, prin Duhul S\u0103u cel Preasf\u00e2nt. Har \u0219i pace! Preciz\u0103m c\u0103 pentru comenzile mai mari de 30 exemplare [&hellip;]<\/p>\n","protected":false},"featured_media":736,"template":"","meta":{"ocean_post_layout":"","ocean_both_sidebars_style":"","ocean_both_sidebars_content_width":0,"ocean_both_sidebars_sidebars_width":0,"ocean_sidebar":"0","ocean_second_sidebar":"0","ocean_disable_margins":"enable","ocean_add_body_class":"","ocean_shortcode_before_top_bar":"","ocean_shortcode_after_top_bar":"","ocean_shortcode_before_header":"","ocean_shortcode_after_header":"","ocean_has_shortcode":"","ocean_shortcode_after_title":"","ocean_shortcode_before_footer_widgets":"","ocean_shortcode_after_footer_widgets":"","ocean_shortcode_before_footer_bottom":"","ocean_shortcode_after_footer_bottom":"","ocean_display_top_bar":"default","ocean_display_header":"default","ocean_header_style":"","ocean_center_header_left_menu":"0","ocean_custom_header_template":"0","ocean_custom_logo":0,"ocean_custom_retina_logo":0,"ocean_custom_logo_max_width":0,"ocean_custom_logo_tablet_max_width":0,"ocean_custom_logo_mobile_max_width":0,"ocean_custom_logo_max_height":0,"ocean_custom_logo_tablet_max_height":0,"ocean_custom_logo_mobile_max_height":0,"ocean_header_custom_menu":"0","ocean_menu_typo_font_family":"0","ocean_menu_typo_font_subset":"","ocean_menu_typo_font_size":0,"ocean_menu_typo_font_size_tablet":0,"ocean_menu_typo_font_size_mobile":0,"ocean_menu_typo_font_size_unit":"px","ocean_menu_typo_font_weight":"","ocean_menu_typo_font_weight_tablet":"","ocean_menu_typo_font_weight_mobile":"","ocean_menu_typo_transform":"","ocean_menu_typo_transform_tablet":"","ocean_menu_typo_transform_mobile":"","ocean_menu_typo_line_height":0,"ocean_menu_typo_line_height_tablet":0,"ocean_menu_typo_line_height_mobile":0,"ocean_menu_typo_line_height_unit":"","ocean_menu_typo_spacing":0,"ocean_menu_typo_spacing_tablet":0,"ocean_menu_typo_spacing_mobile":0,"ocean_menu_typo_spacing_unit":"","ocean_menu_link_color":"","ocean_menu_link_color_hover":"","ocean_menu_link_color_active":"","ocean_menu_link_background":"","ocean_menu_link_hover_background":"","ocean_menu_link_active_background":"","ocean_menu_social_links_bg":"","ocean_menu_social_hover_links_bg":"","ocean_menu_social_links_color":"","ocean_menu_social_hover_links_color":"","ocean_disable_title":"default","ocean_disable_heading":"default","ocean_post_title":"","ocean_post_subheading":"","ocean_post_title_style":"","ocean_post_title_background_color":"","ocean_post_title_background":0,"ocean_post_title_bg_image_position":"","ocean_post_title_bg_image_attachment":"","ocean_post_title_bg_image_repeat":"","ocean_post_title_bg_image_size":"","ocean_post_title_height":0,"ocean_post_title_bg_overlay":0.5,"ocean_post_title_bg_overlay_color":"","ocean_disable_breadcrumbs":"default","ocean_breadcrumbs_color":"","ocean_breadcrumbs_separator_color":"","ocean_breadcrumbs_links_color":"","ocean_breadcrumbs_links_hover_color":"","ocean_display_footer_widgets":"default","ocean_display_footer_bottom":"default","ocean_custom_footer_template":"0","ofc_meta_disable_footer_callout":"","ofc_meta_callout_button_url":"","ofc_meta_callout_button_txt":"","ofc_meta_callout_text":"","ofc_enable_fullscreen":"disable","ofc_fullscreen_speed":0,"ofc_fullscreen_nav":"enable","ofc_fullscreen_nav_pos":"right","ofc_fullscreen_nav_color":"","ofc_fullscreen_nav_tooltip_color":"","ofc_fullscreen_responsive":0},"product_brand":[],"product_cat":[35],"product_tag":[],"class_list":{"0":"post-733","1":"product","2":"type-product","3":"status-publish","4":"has-post-thumbnail","6":"product_cat-carti-adulti","8":"entry","9":"has-media","11":"first","12":"instock","13":"taxable","14":"shipping-taxable","15":"purchasable","16":"product-type-simple","17":"has-product-nav","18":"col","19":"span_1_of_4","20":"owp-content-center","21":"owp-thumbs-layout-horizontal","22":"owp-btn-normal","23":"owp-tabs-layout-horizontal","24":"has-no-thumbnails"},"yoast_head":"<!-- This site is optimized with the Yoast SEO plugin v25.3.1 - https:\/\/yoast.com\/wordpress\/plugins\/seo\/ -->\n<title>C\u0103tre Preasf\u00e2ntul Duh - Cartea Ortodoxa - O librarie de suflet<\/title>\n<meta name=\"robots\" content=\"index, follow, max-snippet:-1, max-image-preview:large, max-video-preview:-1\" \/>\n<link rel=\"canonical\" href=\"https:\/\/carteaortodoxa-librariedesuflet.ro\/index.php\/product\/catre-preasfantul-duh\/\" \/>\n<meta property=\"og:locale\" content=\"en_US\" \/>\n<meta property=\"og:type\" content=\"article\" \/>\n<meta property=\"og:title\" content=\"C\u0103tre Preasf\u00e2ntul Duh - Cartea Ortodoxa - O librarie de suflet\" \/>\n<meta property=\"og:description\" content=\"Cartea este o inim\u0103 mutat\u0103 \u00een cuvinte. Inima unui om \u00een clipele sale de intimitate l\u0103untric\u0103, de cugetare \u0219i dor \u00eenaintea lui Dumnezeu. Alc\u0103tuirea ei st\u0103 sub semnul pl\u00e2nsului l\u0103untric perntru \u00eentregul Adam, \u00een bra\u021bele atotcuprinz\u0103toare ale Domnului, prin Duhul S\u0103u cel Preasf\u00e2nt. Har \u0219i pace! Preciz\u0103m c\u0103 pentru comenzile mai mari de 30 exemplare [&hellip;]\" \/>\n<meta property=\"og:url\" content=\"https:\/\/carteaortodoxa-librariedesuflet.ro\/index.php\/product\/catre-preasfantul-duh\/\" \/>\n<meta property=\"og:site_name\" content=\"Cartea Ortodoxa - O librarie de suflet\" \/>\n<meta property=\"article:modified_time\" content=\"2026-03-16T18:20:47+00:00\" \/>\n<meta property=\"og:image\" content=\"https:\/\/carteaortodoxa-librariedesuflet.ro\/wp-content\/uploads\/2025\/05\/catre-Prea-Sfantu-Duh.jpeg\" \/>\n\t<meta property=\"og:image:width\" content=\"528\" \/>\n\t<meta property=\"og:image:height\" content=\"748\" \/>\n\t<meta property=\"og:image:type\" content=\"image\/jpeg\" \/>\n<meta name=\"twitter:card\" content=\"summary_large_image\" \/>\n<meta name=\"twitter:label1\" content=\"Est. reading time\" \/>\n\t<meta name=\"twitter:data1\" content=\"1 minute\" \/>\n<script type=\"application\/ld+json\" class=\"yoast-schema-graph\">{\"@context\":\"https:\/\/schema.org\",\"@graph\":[{\"@type\":\"WebPage\",\"@id\":\"https:\/\/carteaortodoxa-librariedesuflet.ro\/index.php\/product\/catre-preasfantul-duh\/\",\"url\":\"https:\/\/carteaortodoxa-librariedesuflet.ro\/index.php\/product\/catre-preasfantul-duh\/\",\"name\":\"C\u0103tre Preasf\u00e2ntul Duh - Cartea Ortodoxa - O librarie de suflet\",\"isPartOf\":{\"@id\":\"https:\/\/carteaortodoxa-librariedesuflet.ro\/#website\"},\"primaryImageOfPage\":{\"@id\":\"https:\/\/carteaortodoxa-librariedesuflet.ro\/index.php\/product\/catre-preasfantul-duh\/#primaryimage\"},\"image\":{\"@id\":\"https:\/\/carteaortodoxa-librariedesuflet.ro\/index.php\/product\/catre-preasfantul-duh\/#primaryimage\"},\"thumbnailUrl\":\"https:\/\/carteaortodoxa-librariedesuflet.ro\/wp-content\/uploads\/2025\/05\/catre-Prea-Sfantu-Duh.jpeg\",\"datePublished\":\"2025-05-20T22:51:58+00:00\",\"dateModified\":\"2026-03-16T18:20:47+00:00\",\"breadcrumb\":{\"@id\":\"https:\/\/carteaortodoxa-librariedesuflet.ro\/index.php\/product\/catre-preasfantul-duh\/#breadcrumb\"},\"inLanguage\":\"en-US\",\"potentialAction\":[{\"@type\":\"ReadAction\",\"target\":[\"https:\/\/carteaortodoxa-librariedesuflet.ro\/index.php\/product\/catre-preasfantul-duh\/\"]}]},{\"@type\":\"ImageObject\",\"inLanguage\":\"en-US\",\"@id\":\"https:\/\/carteaortodoxa-librariedesuflet.ro\/index.php\/product\/catre-preasfantul-duh\/#primaryimage\",\"url\":\"https:\/\/carteaortodoxa-librariedesuflet.ro\/wp-content\/uploads\/2025\/05\/catre-Prea-Sfantu-Duh.jpeg\",\"contentUrl\":\"https:\/\/carteaortodoxa-librariedesuflet.ro\/wp-content\/uploads\/2025\/05\/catre-Prea-Sfantu-Duh.jpeg\",\"width\":528,\"height\":748,\"caption\":\"imagine Maica Domnului\"},{\"@type\":\"BreadcrumbList\",\"@id\":\"https:\/\/carteaortodoxa-librariedesuflet.ro\/index.php\/product\/catre-preasfantul-duh\/#breadcrumb\",\"itemListElement\":[{\"@type\":\"ListItem\",\"position\":1,\"name\":\"Home\",\"item\":\"https:\/\/carteaortodoxa-librariedesuflet.ro\/\"},{\"@type\":\"ListItem\",\"position\":2,\"name\":\"Products\",\"item\":\"https:\/\/carteaortodoxa-librariedesuflet.ro\/index.php\/products\/\"},{\"@type\":\"ListItem\",\"position\":3,\"name\":\"C\u0103tre Preasf\u00e2ntul Duh\"}]},{\"@type\":\"WebSite\",\"@id\":\"https:\/\/carteaortodoxa-librariedesuflet.ro\/#website\",\"url\":\"https:\/\/carteaortodoxa-librariedesuflet.ro\/\",\"name\":\"Cartea Ortodoxa - O librarie de suflet\",\"description\":\"Cartea Ortodoxa - O librarie de suflet\",\"publisher\":{\"@id\":\"https:\/\/carteaortodoxa-librariedesuflet.ro\/#\/schema\/person\/eefcfc77cff8618bbc59508b87ff2064\"},\"potentialAction\":[{\"@type\":\"SearchAction\",\"target\":{\"@type\":\"EntryPoint\",\"urlTemplate\":\"https:\/\/carteaortodoxa-librariedesuflet.ro\/?s={search_term_string}\"},\"query-input\":{\"@type\":\"PropertyValueSpecification\",\"valueRequired\":true,\"valueName\":\"search_term_string\"}}],\"inLanguage\":\"en-US\"},{\"@type\":[\"Person\",\"Organization\"],\"@id\":\"https:\/\/carteaortodoxa-librariedesuflet.ro\/#\/schema\/person\/eefcfc77cff8618bbc59508b87ff2064\",\"name\":\"Maria Tudor\",\"image\":{\"@type\":\"ImageObject\",\"inLanguage\":\"en-US\",\"@id\":\"https:\/\/carteaortodoxa-librariedesuflet.ro\/#\/schema\/person\/image\/\",\"url\":\"https:\/\/carteaortodoxa-librariedesuflet.ro\/wp-content\/uploads\/2021\/12\/logo-dark.svg\",\"contentUrl\":\"https:\/\/carteaortodoxa-librariedesuflet.ro\/wp-content\/uploads\/2021\/12\/logo-dark.svg\",\"width\":162,\"height\":35,\"caption\":\"Maria Tudor\"},\"logo\":{\"@id\":\"https:\/\/carteaortodoxa-librariedesuflet.ro\/#\/schema\/person\/image\/\"},\"sameAs\":[\"https:\/\/www.youtube.com\/@CarteaOrtodoxOLibrariedeSufle\"]}]}<\/script>\n<!-- \/ Yoast SEO plugin. -->","yoast_head_json":{"title":"C\u0103tre Preasf\u00e2ntul Duh - Cartea Ortodoxa - O librarie de suflet","robots":{"index":"index","follow":"follow","max-snippet":"max-snippet:-1","max-image-preview":"max-image-preview:large","max-video-preview":"max-video-preview:-1"},"canonical":"https:\/\/carteaortodoxa-librariedesuflet.ro\/index.php\/product\/catre-preasfantul-duh\/","og_locale":"en_US","og_type":"article","og_title":"C\u0103tre Preasf\u00e2ntul Duh - Cartea Ortodoxa - O librarie de suflet","og_description":"Cartea este o inim\u0103 mutat\u0103 \u00een cuvinte. Inima unui om \u00een clipele sale de intimitate l\u0103untric\u0103, de cugetare \u0219i dor \u00eenaintea lui Dumnezeu. Alc\u0103tuirea ei st\u0103 sub semnul pl\u00e2nsului l\u0103untric perntru \u00eentregul Adam, \u00een bra\u021bele atotcuprinz\u0103toare ale Domnului, prin Duhul S\u0103u cel Preasf\u00e2nt. Har \u0219i pace! Preciz\u0103m c\u0103 pentru comenzile mai mari de 30 exemplare [&hellip;]","og_url":"https:\/\/carteaortodoxa-librariedesuflet.ro\/index.php\/product\/catre-preasfantul-duh\/","og_site_name":"Cartea Ortodoxa - O librarie de suflet","article_modified_time":"2026-03-16T18:20:47+00:00","og_image":[{"width":528,"height":748,"url":"https:\/\/carteaortodoxa-librariedesuflet.ro\/wp-content\/uploads\/2025\/05\/catre-Prea-Sfantu-Duh.jpeg","type":"image\/jpeg"}],"twitter_card":"summary_large_image","twitter_misc":{"Est. reading time":"1 minute"},"schema":{"@context":"https:\/\/schema.org","@graph":[{"@type":"WebPage","@id":"https:\/\/carteaortodoxa-librariedesuflet.ro\/index.php\/product\/catre-preasfantul-duh\/","url":"https:\/\/carteaortodoxa-librariedesuflet.ro\/index.php\/product\/catre-preasfantul-duh\/","name":"C\u0103tre Preasf\u00e2ntul Duh - Cartea Ortodoxa - O librarie de suflet","isPartOf":{"@id":"https:\/\/carteaortodoxa-librariedesuflet.ro\/#website"},"primaryImageOfPage":{"@id":"https:\/\/carteaortodoxa-librariedesuflet.ro\/index.php\/product\/catre-preasfantul-duh\/#primaryimage"},"image":{"@id":"https:\/\/carteaortodoxa-librariedesuflet.ro\/index.php\/product\/catre-preasfantul-duh\/#primaryimage"},"thumbnailUrl":"https:\/\/carteaortodoxa-librariedesuflet.ro\/wp-content\/uploads\/2025\/05\/catre-Prea-Sfantu-Duh.jpeg","datePublished":"2025-05-20T22:51:58+00:00","dateModified":"2026-03-16T18:20:47+00:00","breadcrumb":{"@id":"https:\/\/carteaortodoxa-librariedesuflet.ro\/index.php\/product\/catre-preasfantul-duh\/#breadcrumb"},"inLanguage":"en-US","potentialAction":[{"@type":"ReadAction","target":["https:\/\/carteaortodoxa-librariedesuflet.ro\/index.php\/product\/catre-preasfantul-duh\/"]}]},{"@type":"ImageObject","inLanguage":"en-US","@id":"https:\/\/carteaortodoxa-librariedesuflet.ro\/index.php\/product\/catre-preasfantul-duh\/#primaryimage","url":"https:\/\/carteaortodoxa-librariedesuflet.ro\/wp-content\/uploads\/2025\/05\/catre-Prea-Sfantu-Duh.jpeg","contentUrl":"https:\/\/carteaortodoxa-librariedesuflet.ro\/wp-content\/uploads\/2025\/05\/catre-Prea-Sfantu-Duh.jpeg","width":528,"height":748,"caption":"imagine Maica Domnului"},{"@type":"BreadcrumbList","@id":"https:\/\/carteaortodoxa-librariedesuflet.ro\/index.php\/product\/catre-preasfantul-duh\/#breadcrumb","itemListElement":[{"@type":"ListItem","position":1,"name":"Home","item":"https:\/\/carteaortodoxa-librariedesuflet.ro\/"},{"@type":"ListItem","position":2,"name":"Products","item":"https:\/\/carteaortodoxa-librariedesuflet.ro\/index.php\/products\/"},{"@type":"ListItem","position":3,"name":"C\u0103tre Preasf\u00e2ntul Duh"}]},{"@type":"WebSite","@id":"https:\/\/carteaortodoxa-librariedesuflet.ro\/#website","url":"https:\/\/carteaortodoxa-librariedesuflet.ro\/","name":"Cartea Ortodoxa - O librarie de suflet","description":"Cartea Ortodoxa - O librarie de suflet","publisher":{"@id":"https:\/\/carteaortodoxa-librariedesuflet.ro\/#\/schema\/person\/eefcfc77cff8618bbc59508b87ff2064"},"potentialAction":[{"@type":"SearchAction","target":{"@type":"EntryPoint","urlTemplate":"https:\/\/carteaortodoxa-librariedesuflet.ro\/?s={search_term_string}"},"query-input":{"@type":"PropertyValueSpecification","valueRequired":true,"valueName":"search_term_string"}}],"inLanguage":"en-US"},{"@type":["Person","Organization"],"@id":"https:\/\/carteaortodoxa-librariedesuflet.ro\/#\/schema\/person\/eefcfc77cff8618bbc59508b87ff2064","name":"Maria Tudor","image":{"@type":"ImageObject","inLanguage":"en-US","@id":"https:\/\/carteaortodoxa-librariedesuflet.ro\/#\/schema\/person\/image\/","url":"https:\/\/carteaortodoxa-librariedesuflet.ro\/wp-content\/uploads\/2021\/12\/logo-dark.svg","contentUrl":"https:\/\/carteaortodoxa-librariedesuflet.ro\/wp-content\/uploads\/2021\/12\/logo-dark.svg","width":162,"height":35,"caption":"Maria Tudor"},"logo":{"@id":"https:\/\/carteaortodoxa-librariedesuflet.ro\/#\/schema\/person\/image\/"},"sameAs":["https:\/\/www.youtube.com\/@CarteaOrtodoxOLibrariedeSufle"]}]}},"_links":{"self":[{"href":"https:\/\/carteaortodoxa-librariedesuflet.ro\/index.php\/wp-json\/wp\/v2\/product\/733","targetHints":{"allow":["GET"]}}],"collection":[{"href":"https:\/\/carteaortodoxa-librariedesuflet.ro\/index.php\/wp-json\/wp\/v2\/product"}],"about":[{"href":"https:\/\/carteaortodoxa-librariedesuflet.ro\/index.php\/wp-json\/wp\/v2\/types\/product"}],"wp:featuredmedia":[{"embeddable":true,"href":"https:\/\/carteaortodoxa-librariedesuflet.ro\/index.php\/wp-json\/wp\/v2\/media\/736"}],"wp:attachment":[{"href":"https:\/\/carteaortodoxa-librariedesuflet.ro\/index.php\/wp-json\/wp\/v2\/media?parent=733"}],"wp:term":[{"taxonomy":"product_brand","embeddable":true,"href":"https:\/\/carteaortodoxa-librariedesuflet.ro\/index.php\/wp-json\/wp\/v2\/product_brand?post=733"},{"taxonomy":"product_cat","embeddable":true,"href":"https:\/\/carteaortodoxa-librariedesuflet.ro\/index.php\/wp-json\/wp\/v2\/product_cat?post=733"},{"taxonomy":"product_tag","embeddable":true,"href":"https:\/\/carteaortodoxa-librariedesuflet.ro\/index.php\/wp-json\/wp\/v2\/product_tag?post=733"}],"curies":[{"name":"wp","href":"https:\/\/api.w.org\/{rel}","templated":true}]}}