{"id":808,"date":"2025-05-20T23:41:21","date_gmt":"2025-05-20T23:41:21","guid":{"rendered":"https:\/\/carteaortodoxa-librariedesuflet.ro\/?post_type=product&#038;p=808"},"modified":"2026-03-16T21:11:03","modified_gmt":"2026-03-16T19:11:03","slug":"de-la-moarte-la-viata","status":"publish","type":"product","link":"https:\/\/carteaortodoxa-librariedesuflet.ro\/index.php\/product\/de-la-moarte-la-viata\/","title":{"rendered":"De la moarte la via\u021b\u0103"},"content":{"rendered":"<p>un bob de nisip tr\u0103ie\u0219te o adev\u0103rat\u0103 experien\u021b\u0103 existen\u021bial\u0103, de la Facerea lumii, p\u00e2n\u0103 la Sf\u00e2nta \u00cenviere. El \u00eei a\u0219teapt\u0103 pe copii acum ascuns \u00een zidul Bisericii \u00cenvierii din Ierusalim, pentru a le povesti mai pe \u00eendelete, ca \u00eentr-o rug\u0103ciune, ceea ce le dezv\u0103luie \u00een aceast\u0103 c\u0103rticic\u0103<\/p>\n<div class='wp-block-html5-player-video html5_video_players' class=\"wp-block-html5-player-video\" data-nonce=\"6b2aba4ba8\" data-attributes=\"{&quot;imported&quot;:true,&quot;uniqueId&quot;:&quot;h5vpb603e805&quot;,&quot;source&quot;:&quot;https:\\\/\\\/carteaortodoxa-librariedesuflet.ro\\\/wp-content\\\/uploads\\\/2025\\\/06\\\/de-la-moarte-la-viata-video.mp4&quot;,&quot;options&quot;:{&quot;controls&quot;:[&quot;play-large&quot;,&quot;play&quot;,&quot;progress&quot;,&quot;current-time&quot;,&quot;mute&quot;,&quot;volume&quot;,&quot;settings&quot;,&quot;fullscreen&quot;],&quot;settings&quot;:[&quot;captions&quot;,&quot;quality&quot;,&quot;speed&quot;,&quot;loop&quot;],&quot;loadSprite&quot;:true,&quot;autoplay&quot;:false,&quot;seekTime&quot;:10,&quot;volume&quot;:1,&quot;muted&quot;:false,&quot;hideControls&quot;:true,&quot;resetOnEnd&quot;:false,&quot;tooltips&quot;:{&quot;controls&quot;:true,&quot;seek&quot;:true},&quot;captions&quot;:{&quot;active&quot;:false,&quot;language&quot;:&quot;auto&quot;,&quot;update&quot;:true},&quot;ratio&quot;:null,&quot;storage&quot;:{&quot;enabled&quot;:true,&quot;key&quot;:&quot;plyr&quot;},&quot;speed&quot;:{&quot;options&quot;:[&quot;1&quot;,&quot;2&quot;,&quot;3&quot;,&quot;0.5&quot;,&quot;0.75&quot;,&quot;1.25&quot;,&quot;1.5&quot;,&quot;1.75&quot;,&quot;2.5&quot;]},&quot;loop&quot;:{&quot;active&quot;:false},&quot;ads&quot;:{&quot;enabled&quot;:true},&quot;urls&quot;:{&quot;enabled&quot;:false},&quot;markers&quot;:{&quot;enabled&quot;:true,&quot;points&quot;:[]},&quot;preload&quot;:&quot;metadata&quot;,&quot;imported&quot;:true},&quot;features&quot;:{&quot;popup&quot;:{&quot;enabled&quot;:false,&quot;selector&quot;:null,&quot;hasBtn&quot;:false,&quot;type&quot;:&quot;poster&quot;,&quot;btnText&quot;:&quot;Watch Video&quot;,&quot;align&quot;:&quot;center&quot;,&quot;btnStyle&quot;:{&quot;color&quot;:&quot;#fff&quot;,&quot;backgroundColor&quot;:&quot;#006BA1&quot;,&quot;fontSize&quot;:&quot;16px&quot;,&quot;padding&quot;:{&quot;top&quot;:&quot;10px&quot;,&quot;right&quot;:&quot;20px&quot;,&quot;bottom&quot;:&quot;10px&quot;,&quot;left&quot;:&quot;20px&quot;}}},&quot;overlay&quot;:{&quot;enabled&quot;:false,&quot;items&quot;:[{&quot;color&quot;:&quot;#fff&quot;,&quot;backgroundColor&quot;:&quot;#333&quot;,&quot;fontSize&quot;:&quot;16px&quot;,&quot;link&quot;:&quot;&quot;,&quot;logo&quot;:&quot;&quot;,&quot;text&quot;:&quot;Simple Text&quot;,&quot;position&quot;:&quot;top_right&quot;,&quot;type&quot;:&quot;text&quot;,&quot;opacity&quot;:1}]},&quot;endScreen&quot;:{&quot;enabled&quot;:false,&quot;text&quot;:&quot;Simple Text&quot;,&quot;btnText&quot;:&quot;Visit&quot;,&quot;btnLink&quot;:&quot;&quot;,&quot;btnStyle&quot;:[]},&quot;thumbInPause&quot;:{&quot;enabled&quot;:false,&quot;type&quot;:&quot;default&quot;},&quot;watermark&quot;:{&quot;enabled&quot;:false,&quot;type&quot;:&quot;email&quot;,&quot;text&quot;:&quot;&quot;,&quot;color&quot;:&quot;#f00&quot;},&quot;passwordProtected&quot;:{&quot;enabled&quot;:false,&quot;errorMessage&quot;:&quot;Password didn&#039;t matched&quot;,&quot;heading&quot;:&quot;Please Entire the password to access the video&quot;,&quot;button&quot;:{&quot;text&quot;:&quot;Access&quot;,&quot;color&quot;:&quot;#222&quot;,&quot;backgroundColor&quot;:&quot;#ffffffe3&quot;},&quot;key&quot;:&quot;h5vp_JWPOeRvtSb&quot;,&quot;password&quot;:null},&quot;sticky&quot;:{&quot;enabled&quot;:false,&quot;position&quot;:&quot;top_right&quot;},&quot;playWhenVisible&quot;:false,&quot;disablePause&quot;:false,&quot;hideYoutubeUI&quot;:false,&quot;startTime&quot;:null,&quot;hideLoadingPlaceholder&quot;:false},&quot;styles&quot;:{&quot;plyr_wrapper&quot;:{&quot;width&quot;:&quot;100%&quot;},&quot;plyr&quot;:{&quot;borderRadius&quot;:&quot;0px&quot;},&quot;.plyr&quot;:{&quot;--plyr-color-main&quot;:null}},&quot;width&quot;:{&quot;deprecated&quot;:true,&quot;number&quot;:100,&quot;unit&quot;:&quot;%&quot;,&quot;isDeprecated&quot;:true},&quot;provider&quot;:&quot;self-hosted&quot;,&quot;poster&quot;:&quot;&quot;,&quot;seo&quot;:{&quot;title&quot;:&quot;&quot;,&quot;description&quot;:&quot;&quot;,&quot;duration&quot;:&quot;&quot;},&quot;quality&quot;:[],&quot;subtitle&quot;:[{&quot;label&quot;:&quot;English\\\/en&quot;,&quot;caption_file&quot;:&quot;&quot;}],&quot;thumbInPause&quot;:false,&quot;hideYoutubeUI&quot;:false,&quot;autoplayWhenVisible&quot;:false,&quot;CSS&quot;:&quot;&quot;,&quot;isCDURL&quot;:false,&quot;posterTime&quot;:20,&quot;chapters&quot;:[],&quot;controls&quot;:{&quot;play-large&quot;:true,&quot;restart&quot;:false,&quot;rewind&quot;:false,&quot;play&quot;:true,&quot;fast-forward&quot;:false,&quot;progress&quot;:true,&quot;current-time&quot;:true,&quot;duration&quot;:false,&quot;mute&quot;:true,&quot;volume&quot;:true,&quot;pip&quot;:false,&quot;airplay&quot;:false,&quot;settings&quot;:true,&quot;downlaod&quot;:false,&quot;fullscreen&quot;:true},&quot;brandColor&quot;:&quot;#00B3FF&quot;,&quot;radius&quot;:{&quot;number&quot;:0,&quot;unit&quot;:&quot;px&quot;},&quot;repeat&quot;:false,&quot;autoplay&quot;:false,&quot;muted&quot;:false,&quot;sticky&quot;:false,&quot;stickyPosition&quot;:&quot;top-right&quot;,&quot;popup&quot;:false,&quot;popupType&quot;:&quot;poster&quot;,&quot;playsinline&quot;:false,&quot;popupBtnStyle&quot;:{&quot;color&quot;:&quot;#fff&quot;,&quot;backgroundColor&quot;:&quot;#006BA1&quot;,&quot;fontSize&quot;:&quot;16px&quot;,&quot;padding&quot;:{&quot;top&quot;:&quot;10px&quot;,&quot;right&quot;:&quot;20px&quot;,&quot;bottom&quot;:&quot;10px&quot;,&quot;left&quot;:&quot;20px&quot;},&quot;align&quot;:&quot;center&quot;},&quot;popupBtnText&quot;:&quot;Watch Video&quot;,&quot;disablePause&quot;:false,&quot;thumbStyle&quot;:&quot;default&quot;,&quot;resetOnEnd&quot;:false,&quot;autoHideControl&quot;:true,&quot;protected&quot;:false,&quot;protectedText&quot;:&quot;Please enter password to wath the video&quot;,&quot;seekTime&quot;:10,&quot;startTime&quot;:0,&quot;preload&quot;:&quot;metadata&quot;,&quot;overlay&quot;:false,&quot;overlayPosition&quot;:&quot;top_right&quot;,&quot;overlayBackground&quot;:&quot;#333&quot;,&quot;overlayOpacity&quot;:0.8,&quot;overlayTextColor&quot;:&quot;#ffffff&quot;,&quot;overlayFontSize&quot;:{&quot;number&quot;:20,&quot;unit&quot;:&quot;px&quot;},&quot;overlayTextHoverColor&quot;:&quot;#ffffff&quot;,&quot;endScreen&quot;:{&quot;enabled&quot;:false,&quot;text&quot;:&quot;Simple Text&quot;,&quot;btnText&quot;:&quot;Watch Again&quot;,&quot;btnLink&quot;:&quot;&quot;,&quot;btnStyle&quot;:[]},&quot;endscreen&quot;:false,&quot;endscreenText&quot;:&quot;Endscreen text&quot;,&quot;endscreenTextLink&quot;:&quot;#&quot;,&quot;streaming&quot;:false,&quot;streamingType&quot;:&quot;hls&quot;,&quot;speed&quot;:{&quot;1&quot;:true,&quot;2&quot;:true,&quot;3&quot;:true,&quot;0.5&quot;:true,&quot;0.75&quot;:true,&quot;1.25&quot;:true,&quot;1.5&quot;:true,&quot;1.75&quot;:true,&quot;2.5&quot;:true},&quot;captionEnabled&quot;:false,&quot;saveState&quot;:true}\">\n    <div class=\"preload_poster\" style=\"overflow:hidden;aspect-ratio:;\">\n        <svg width=\"36px\" height=\"36px\" viewBox=\"0 0 15 15\" fill=\"none\" xmlns=\"http:\/\/www.w3.org\/2000\/svg\">\n            <path d=\"M4.79062 2.09314C4.63821 1.98427 4.43774 1.96972 4.27121 2.05542C4.10467 2.14112 4 2.31271 4 2.5V12.5C4 12.6873 4.10467 12.8589 4.27121 12.9446C4.43774 13.0303 4.63821 13.0157 4.79062 12.9069L11.7906 7.90687C11.922 7.81301 12 7.66148 12 7.5C12 7.33853 11.922 7.18699 11.7906 7.09314L4.79062 2.09314Z\" fill=\"#fff\" \/>\n        <\/svg>\n    <\/div>\n<\/div>\n<p>Preciz\u0103m c\u0103 pentru comenzile mai mari de 30 exemplare per titlu ( pentru p\u0103rin\u021bii \u0219i doamnele preotese care doresc s\u0103 fac\u0103 misiune prin distribuirea lor in parohii cu ocazia s\u0103rb\u0103torilor) se va face un discount. \u2764\ufe0f<\/p>\n","protected":false},"excerpt":{"rendered":"<p>un bob de nisip tr\u0103ie\u0219te o adev\u0103rat\u0103 experien\u021b\u0103 existen\u021bial\u0103, de la Facerea lumii, p\u00e2n\u0103 la Sf\u00e2nta \u00cenviere. El \u00eei a\u0219teapt\u0103 pe copii acum ascuns \u00een zidul Bisericii \u00cenvierii din Ierusalim, pentru a le povesti mai pe \u00eendelete, ca \u00eentr-o rug\u0103ciune, ceea ce le dezv\u0103luie \u00een aceast\u0103 c\u0103rticic\u0103 Preciz\u0103m c\u0103 pentru comenzile mai mari de 30 [&hellip;]<\/p>\n","protected":false},"featured_media":738,"template":"","meta":{"ocean_post_layout":"","ocean_both_sidebars_style":"","ocean_both_sidebars_content_width":0,"ocean_both_sidebars_sidebars_width":0,"ocean_sidebar":"0","ocean_second_sidebar":"0","ocean_disable_margins":"enable","ocean_add_body_class":"","ocean_shortcode_before_top_bar":"","ocean_shortcode_after_top_bar":"","ocean_shortcode_before_header":"","ocean_shortcode_after_header":"","ocean_has_shortcode":"","ocean_shortcode_after_title":"","ocean_shortcode_before_footer_widgets":"","ocean_shortcode_after_footer_widgets":"","ocean_shortcode_before_footer_bottom":"","ocean_shortcode_after_footer_bottom":"","ocean_display_top_bar":"default","ocean_display_header":"default","ocean_header_style":"","ocean_center_header_left_menu":"0","ocean_custom_header_template":"0","ocean_custom_logo":0,"ocean_custom_retina_logo":0,"ocean_custom_logo_max_width":0,"ocean_custom_logo_tablet_max_width":0,"ocean_custom_logo_mobile_max_width":0,"ocean_custom_logo_max_height":0,"ocean_custom_logo_tablet_max_height":0,"ocean_custom_logo_mobile_max_height":0,"ocean_header_custom_menu":"0","ocean_menu_typo_font_family":"0","ocean_menu_typo_font_subset":"","ocean_menu_typo_font_size":0,"ocean_menu_typo_font_size_tablet":0,"ocean_menu_typo_font_size_mobile":0,"ocean_menu_typo_font_size_unit":"px","ocean_menu_typo_font_weight":"","ocean_menu_typo_font_weight_tablet":"","ocean_menu_typo_font_weight_mobile":"","ocean_menu_typo_transform":"","ocean_menu_typo_transform_tablet":"","ocean_menu_typo_transform_mobile":"","ocean_menu_typo_line_height":0,"ocean_menu_typo_line_height_tablet":0,"ocean_menu_typo_line_height_mobile":0,"ocean_menu_typo_line_height_unit":"","ocean_menu_typo_spacing":0,"ocean_menu_typo_spacing_tablet":0,"ocean_menu_typo_spacing_mobile":0,"ocean_menu_typo_spacing_unit":"","ocean_menu_link_color":"","ocean_menu_link_color_hover":"","ocean_menu_link_color_active":"","ocean_menu_link_background":"","ocean_menu_link_hover_background":"","ocean_menu_link_active_background":"","ocean_menu_social_links_bg":"","ocean_menu_social_hover_links_bg":"","ocean_menu_social_links_color":"","ocean_menu_social_hover_links_color":"","ocean_disable_title":"default","ocean_disable_heading":"default","ocean_post_title":"","ocean_post_subheading":"","ocean_post_title_style":"","ocean_post_title_background_color":"","ocean_post_title_background":0,"ocean_post_title_bg_image_position":"","ocean_post_title_bg_image_attachment":"","ocean_post_title_bg_image_repeat":"","ocean_post_title_bg_image_size":"","ocean_post_title_height":0,"ocean_post_title_bg_overlay":0.5,"ocean_post_title_bg_overlay_color":"","ocean_disable_breadcrumbs":"default","ocean_breadcrumbs_color":"","ocean_breadcrumbs_separator_color":"","ocean_breadcrumbs_links_color":"","ocean_breadcrumbs_links_hover_color":"","ocean_display_footer_widgets":"default","ocean_display_footer_bottom":"default","ocean_custom_footer_template":"0","ofc_meta_disable_footer_callout":"","ofc_meta_callout_button_url":"","ofc_meta_callout_button_txt":"","ofc_meta_callout_text":"","ofc_enable_fullscreen":"disable","ofc_fullscreen_speed":0,"ofc_fullscreen_nav":"enable","ofc_fullscreen_nav_pos":"right","ofc_fullscreen_nav_color":"","ofc_fullscreen_nav_tooltip_color":"","ofc_fullscreen_responsive":0},"product_brand":[],"product_cat":[36],"product_tag":[],"class_list":{"0":"post-808","1":"product","2":"type-product","3":"status-publish","4":"has-post-thumbnail","6":"product_cat-carti-pt-copii","8":"entry","9":"has-media","11":"first","12":"instock","13":"taxable","14":"shipping-taxable","15":"purchasable","16":"product-type-simple","17":"has-product-nav","18":"col","19":"span_1_of_4","20":"owp-content-center","21":"owp-thumbs-layout-horizontal","22":"owp-btn-normal","23":"owp-tabs-layout-horizontal","24":"has-no-thumbnails"},"yoast_head":"<!-- This site is optimized with the Yoast SEO plugin v25.3.1 - https:\/\/yoast.com\/wordpress\/plugins\/seo\/ -->\n<title>De la moarte la via\u021b\u0103 - Cartea Ortodoxa - O librarie de suflet<\/title>\n<meta name=\"robots\" content=\"index, follow, max-snippet:-1, max-image-preview:large, max-video-preview:-1\" \/>\n<link rel=\"canonical\" href=\"https:\/\/carteaortodoxa-librariedesuflet.ro\/index.php\/product\/de-la-moarte-la-viata\/\" \/>\n<meta property=\"og:locale\" content=\"en_US\" \/>\n<meta property=\"og:type\" content=\"article\" \/>\n<meta property=\"og:title\" content=\"De la moarte la via\u021b\u0103 - Cartea Ortodoxa - O librarie de suflet\" \/>\n<meta property=\"og:description\" content=\"un bob de nisip tr\u0103ie\u0219te o adev\u0103rat\u0103 experien\u021b\u0103 existen\u021bial\u0103, de la Facerea lumii, p\u00e2n\u0103 la Sf\u00e2nta \u00cenviere. El \u00eei a\u0219teapt\u0103 pe copii acum ascuns \u00een zidul Bisericii \u00cenvierii din Ierusalim, pentru a le povesti mai pe \u00eendelete, ca \u00eentr-o rug\u0103ciune, ceea ce le dezv\u0103luie \u00een aceast\u0103 c\u0103rticic\u0103 Preciz\u0103m c\u0103 pentru comenzile mai mari de 30 [&hellip;]\" \/>\n<meta property=\"og:url\" content=\"https:\/\/carteaortodoxa-librariedesuflet.ro\/index.php\/product\/de-la-moarte-la-viata\/\" \/>\n<meta property=\"og:site_name\" content=\"Cartea Ortodoxa - O librarie de suflet\" \/>\n<meta property=\"article:modified_time\" content=\"2026-03-16T19:11:03+00:00\" \/>\n<meta property=\"og:image\" content=\"https:\/\/carteaortodoxa-librariedesuflet.ro\/wp-content\/uploads\/2025\/05\/de-la-moarte-la-viata.jpeg\" \/>\n\t<meta property=\"og:image:width\" content=\"546\" \/>\n\t<meta property=\"og:image:height\" content=\"764\" \/>\n\t<meta property=\"og:image:type\" content=\"image\/jpeg\" \/>\n<meta name=\"twitter:card\" content=\"summary_large_image\" \/>\n<meta name=\"twitter:label1\" content=\"Est. reading time\" \/>\n\t<meta name=\"twitter:data1\" content=\"1 minute\" \/>\n<script type=\"application\/ld+json\" class=\"yoast-schema-graph\">{\"@context\":\"https:\/\/schema.org\",\"@graph\":[{\"@type\":\"WebPage\",\"@id\":\"https:\/\/carteaortodoxa-librariedesuflet.ro\/index.php\/product\/de-la-moarte-la-viata\/\",\"url\":\"https:\/\/carteaortodoxa-librariedesuflet.ro\/index.php\/product\/de-la-moarte-la-viata\/\",\"name\":\"De la moarte la via\u021b\u0103 - Cartea Ortodoxa - O librarie de suflet\",\"isPartOf\":{\"@id\":\"https:\/\/carteaortodoxa-librariedesuflet.ro\/#website\"},\"primaryImageOfPage\":{\"@id\":\"https:\/\/carteaortodoxa-librariedesuflet.ro\/index.php\/product\/de-la-moarte-la-viata\/#primaryimage\"},\"image\":{\"@id\":\"https:\/\/carteaortodoxa-librariedesuflet.ro\/index.php\/product\/de-la-moarte-la-viata\/#primaryimage\"},\"thumbnailUrl\":\"https:\/\/carteaortodoxa-librariedesuflet.ro\/wp-content\/uploads\/2025\/05\/de-la-moarte-la-viata.jpeg\",\"datePublished\":\"2025-05-20T23:41:21+00:00\",\"dateModified\":\"2026-03-16T19:11:03+00:00\",\"breadcrumb\":{\"@id\":\"https:\/\/carteaortodoxa-librariedesuflet.ro\/index.php\/product\/de-la-moarte-la-viata\/#breadcrumb\"},\"inLanguage\":\"en-US\",\"potentialAction\":[{\"@type\":\"ReadAction\",\"target\":[\"https:\/\/carteaortodoxa-librariedesuflet.ro\/index.php\/product\/de-la-moarte-la-viata\/\"]}]},{\"@type\":\"ImageObject\",\"inLanguage\":\"en-US\",\"@id\":\"https:\/\/carteaortodoxa-librariedesuflet.ro\/index.php\/product\/de-la-moarte-la-viata\/#primaryimage\",\"url\":\"https:\/\/carteaortodoxa-librariedesuflet.ro\/wp-content\/uploads\/2025\/05\/de-la-moarte-la-viata.jpeg\",\"contentUrl\":\"https:\/\/carteaortodoxa-librariedesuflet.ro\/wp-content\/uploads\/2025\/05\/de-la-moarte-la-viata.jpeg\",\"width\":546,\"height\":764,\"caption\":\"un bob de nisip care invie\"},{\"@type\":\"BreadcrumbList\",\"@id\":\"https:\/\/carteaortodoxa-librariedesuflet.ro\/index.php\/product\/de-la-moarte-la-viata\/#breadcrumb\",\"itemListElement\":[{\"@type\":\"ListItem\",\"position\":1,\"name\":\"Home\",\"item\":\"https:\/\/carteaortodoxa-librariedesuflet.ro\/\"},{\"@type\":\"ListItem\",\"position\":2,\"name\":\"Products\",\"item\":\"https:\/\/carteaortodoxa-librariedesuflet.ro\/index.php\/products\/\"},{\"@type\":\"ListItem\",\"position\":3,\"name\":\"De la moarte la via\u021b\u0103\"}]},{\"@type\":\"WebSite\",\"@id\":\"https:\/\/carteaortodoxa-librariedesuflet.ro\/#website\",\"url\":\"https:\/\/carteaortodoxa-librariedesuflet.ro\/\",\"name\":\"Cartea Ortodoxa - O librarie de suflet\",\"description\":\"Cartea Ortodoxa - O librarie de suflet\",\"publisher\":{\"@id\":\"https:\/\/carteaortodoxa-librariedesuflet.ro\/#\/schema\/person\/eefcfc77cff8618bbc59508b87ff2064\"},\"potentialAction\":[{\"@type\":\"SearchAction\",\"target\":{\"@type\":\"EntryPoint\",\"urlTemplate\":\"https:\/\/carteaortodoxa-librariedesuflet.ro\/?s={search_term_string}\"},\"query-input\":{\"@type\":\"PropertyValueSpecification\",\"valueRequired\":true,\"valueName\":\"search_term_string\"}}],\"inLanguage\":\"en-US\"},{\"@type\":[\"Person\",\"Organization\"],\"@id\":\"https:\/\/carteaortodoxa-librariedesuflet.ro\/#\/schema\/person\/eefcfc77cff8618bbc59508b87ff2064\",\"name\":\"Maria Tudor\",\"image\":{\"@type\":\"ImageObject\",\"inLanguage\":\"en-US\",\"@id\":\"https:\/\/carteaortodoxa-librariedesuflet.ro\/#\/schema\/person\/image\/\",\"url\":\"https:\/\/carteaortodoxa-librariedesuflet.ro\/wp-content\/uploads\/2021\/12\/logo-dark.svg\",\"contentUrl\":\"https:\/\/carteaortodoxa-librariedesuflet.ro\/wp-content\/uploads\/2021\/12\/logo-dark.svg\",\"width\":162,\"height\":35,\"caption\":\"Maria Tudor\"},\"logo\":{\"@id\":\"https:\/\/carteaortodoxa-librariedesuflet.ro\/#\/schema\/person\/image\/\"},\"sameAs\":[\"https:\/\/www.youtube.com\/@CarteaOrtodoxOLibrariedeSufle\"]}]}<\/script>\n<!-- \/ Yoast SEO plugin. -->","yoast_head_json":{"title":"De la moarte la via\u021b\u0103 - Cartea Ortodoxa - O librarie de suflet","robots":{"index":"index","follow":"follow","max-snippet":"max-snippet:-1","max-image-preview":"max-image-preview:large","max-video-preview":"max-video-preview:-1"},"canonical":"https:\/\/carteaortodoxa-librariedesuflet.ro\/index.php\/product\/de-la-moarte-la-viata\/","og_locale":"en_US","og_type":"article","og_title":"De la moarte la via\u021b\u0103 - Cartea Ortodoxa - O librarie de suflet","og_description":"un bob de nisip tr\u0103ie\u0219te o adev\u0103rat\u0103 experien\u021b\u0103 existen\u021bial\u0103, de la Facerea lumii, p\u00e2n\u0103 la Sf\u00e2nta \u00cenviere. El \u00eei a\u0219teapt\u0103 pe copii acum ascuns \u00een zidul Bisericii \u00cenvierii din Ierusalim, pentru a le povesti mai pe \u00eendelete, ca \u00eentr-o rug\u0103ciune, ceea ce le dezv\u0103luie \u00een aceast\u0103 c\u0103rticic\u0103 Preciz\u0103m c\u0103 pentru comenzile mai mari de 30 [&hellip;]","og_url":"https:\/\/carteaortodoxa-librariedesuflet.ro\/index.php\/product\/de-la-moarte-la-viata\/","og_site_name":"Cartea Ortodoxa - O librarie de suflet","article_modified_time":"2026-03-16T19:11:03+00:00","og_image":[{"width":546,"height":764,"url":"https:\/\/carteaortodoxa-librariedesuflet.ro\/wp-content\/uploads\/2025\/05\/de-la-moarte-la-viata.jpeg","type":"image\/jpeg"}],"twitter_card":"summary_large_image","twitter_misc":{"Est. reading time":"1 minute"},"schema":{"@context":"https:\/\/schema.org","@graph":[{"@type":"WebPage","@id":"https:\/\/carteaortodoxa-librariedesuflet.ro\/index.php\/product\/de-la-moarte-la-viata\/","url":"https:\/\/carteaortodoxa-librariedesuflet.ro\/index.php\/product\/de-la-moarte-la-viata\/","name":"De la moarte la via\u021b\u0103 - Cartea Ortodoxa - O librarie de suflet","isPartOf":{"@id":"https:\/\/carteaortodoxa-librariedesuflet.ro\/#website"},"primaryImageOfPage":{"@id":"https:\/\/carteaortodoxa-librariedesuflet.ro\/index.php\/product\/de-la-moarte-la-viata\/#primaryimage"},"image":{"@id":"https:\/\/carteaortodoxa-librariedesuflet.ro\/index.php\/product\/de-la-moarte-la-viata\/#primaryimage"},"thumbnailUrl":"https:\/\/carteaortodoxa-librariedesuflet.ro\/wp-content\/uploads\/2025\/05\/de-la-moarte-la-viata.jpeg","datePublished":"2025-05-20T23:41:21+00:00","dateModified":"2026-03-16T19:11:03+00:00","breadcrumb":{"@id":"https:\/\/carteaortodoxa-librariedesuflet.ro\/index.php\/product\/de-la-moarte-la-viata\/#breadcrumb"},"inLanguage":"en-US","potentialAction":[{"@type":"ReadAction","target":["https:\/\/carteaortodoxa-librariedesuflet.ro\/index.php\/product\/de-la-moarte-la-viata\/"]}]},{"@type":"ImageObject","inLanguage":"en-US","@id":"https:\/\/carteaortodoxa-librariedesuflet.ro\/index.php\/product\/de-la-moarte-la-viata\/#primaryimage","url":"https:\/\/carteaortodoxa-librariedesuflet.ro\/wp-content\/uploads\/2025\/05\/de-la-moarte-la-viata.jpeg","contentUrl":"https:\/\/carteaortodoxa-librariedesuflet.ro\/wp-content\/uploads\/2025\/05\/de-la-moarte-la-viata.jpeg","width":546,"height":764,"caption":"un bob de nisip care invie"},{"@type":"BreadcrumbList","@id":"https:\/\/carteaortodoxa-librariedesuflet.ro\/index.php\/product\/de-la-moarte-la-viata\/#breadcrumb","itemListElement":[{"@type":"ListItem","position":1,"name":"Home","item":"https:\/\/carteaortodoxa-librariedesuflet.ro\/"},{"@type":"ListItem","position":2,"name":"Products","item":"https:\/\/carteaortodoxa-librariedesuflet.ro\/index.php\/products\/"},{"@type":"ListItem","position":3,"name":"De la moarte la via\u021b\u0103"}]},{"@type":"WebSite","@id":"https:\/\/carteaortodoxa-librariedesuflet.ro\/#website","url":"https:\/\/carteaortodoxa-librariedesuflet.ro\/","name":"Cartea Ortodoxa - O librarie de suflet","description":"Cartea Ortodoxa - O librarie de suflet","publisher":{"@id":"https:\/\/carteaortodoxa-librariedesuflet.ro\/#\/schema\/person\/eefcfc77cff8618bbc59508b87ff2064"},"potentialAction":[{"@type":"SearchAction","target":{"@type":"EntryPoint","urlTemplate":"https:\/\/carteaortodoxa-librariedesuflet.ro\/?s={search_term_string}"},"query-input":{"@type":"PropertyValueSpecification","valueRequired":true,"valueName":"search_term_string"}}],"inLanguage":"en-US"},{"@type":["Person","Organization"],"@id":"https:\/\/carteaortodoxa-librariedesuflet.ro\/#\/schema\/person\/eefcfc77cff8618bbc59508b87ff2064","name":"Maria Tudor","image":{"@type":"ImageObject","inLanguage":"en-US","@id":"https:\/\/carteaortodoxa-librariedesuflet.ro\/#\/schema\/person\/image\/","url":"https:\/\/carteaortodoxa-librariedesuflet.ro\/wp-content\/uploads\/2021\/12\/logo-dark.svg","contentUrl":"https:\/\/carteaortodoxa-librariedesuflet.ro\/wp-content\/uploads\/2021\/12\/logo-dark.svg","width":162,"height":35,"caption":"Maria Tudor"},"logo":{"@id":"https:\/\/carteaortodoxa-librariedesuflet.ro\/#\/schema\/person\/image\/"},"sameAs":["https:\/\/www.youtube.com\/@CarteaOrtodoxOLibrariedeSufle"]}]}},"_links":{"self":[{"href":"https:\/\/carteaortodoxa-librariedesuflet.ro\/index.php\/wp-json\/wp\/v2\/product\/808","targetHints":{"allow":["GET"]}}],"collection":[{"href":"https:\/\/carteaortodoxa-librariedesuflet.ro\/index.php\/wp-json\/wp\/v2\/product"}],"about":[{"href":"https:\/\/carteaortodoxa-librariedesuflet.ro\/index.php\/wp-json\/wp\/v2\/types\/product"}],"wp:featuredmedia":[{"embeddable":true,"href":"https:\/\/carteaortodoxa-librariedesuflet.ro\/index.php\/wp-json\/wp\/v2\/media\/738"}],"wp:attachment":[{"href":"https:\/\/carteaortodoxa-librariedesuflet.ro\/index.php\/wp-json\/wp\/v2\/media?parent=808"}],"wp:term":[{"taxonomy":"product_brand","embeddable":true,"href":"https:\/\/carteaortodoxa-librariedesuflet.ro\/index.php\/wp-json\/wp\/v2\/product_brand?post=808"},{"taxonomy":"product_cat","embeddable":true,"href":"https:\/\/carteaortodoxa-librariedesuflet.ro\/index.php\/wp-json\/wp\/v2\/product_cat?post=808"},{"taxonomy":"product_tag","embeddable":true,"href":"https:\/\/carteaortodoxa-librariedesuflet.ro\/index.php\/wp-json\/wp\/v2\/product_tag?post=808"}],"curies":[{"name":"wp","href":"https:\/\/api.w.org\/{rel}","templated":true}]}}